{"id":126,"date":"2021-12-03T10:45:15","date_gmt":"2021-12-03T09:45:15","guid":{"rendered":"http:\/\/parafiacelestynow.pl\/www\/?page_id=126"},"modified":"2022-02-25T16:21:19","modified_gmt":"2022-02-25T15:21:19","slug":"wspolnowa-uwielbienia-wnieboglosy","status":"publish","type":"page","link":"https:\/\/parafiacelestynow.pl\/?page_id=126","title":{"rendered":"Wsp\u00f3lnowa Uwielbienia Wniebog\u0142osy"},"content":{"rendered":"<h2 style=\"text-align: center;\"><span style=\"color: #000000;\">Wsp\u00f3lnota muzycznego uwielbienia Pana \u201eWniebog\u0142osy\u201d<\/span><\/h2>\n<p><span style=\"color: #000000;\">Wsp\u00f3lnota istnieje od 2014 roku, obecnie nale\u017cy do niej 13 os\u00f3b.<\/span><\/p>\n<p style=\"text-align: justify;\"><span style=\"color: #000000;\">Nasza pos\u0142uga polega na wielbieniu Pana \u015bpiewem oraz poznawaniu Jego Mi\u0142o\u015bci w S\u0142owie Bo\u017cym.<\/span><br \/>\n<span style=\"color: #000000;\">Pos\u0142ugujemy muzycznie raz w miesi\u0105cu na niedzielnej Mszy \u015awi\u0119tej o godz. 18:00 w naszym ko\u015bciele. Bezpo\u015brednio po mszy ma miejsce wsp\u00f3lna modlitwa i uwielbienie Boga przez \u015bpiew i gr\u0119 na instrumentach. Spotkania maj\u0105 charakter otwarty, ka\u017cdy znajdzie miejsce u st\u00f3p Pana. W ramach przygotowania si\u0119 do modlitwy uwielbienia, organizujemy we wtorki pr\u00f3by, gdzie rozwijamy sw\u00f3j talent wokalny i gry na instrumentach.<\/span><\/p>\n<p><span style=\"color: #000000;\">Aktywnie uczestniczymy w \u017cyciu parafii:<\/span><\/p>\n<ul>\n<li><span style=\"color: #000000;\">w czerwcu 2015 roku byli\u015bmy wsp\u00f3\u0142organizatorami parafialnego pikniku rodzinnego \u201eChwa\u0142a Tobie Tato\u201d;<\/span><\/li>\n<li><span style=\"color: #000000;\">prowadzili\u015bmy R\u00f3\u017caniec podczas czwartkowej Adoracji przed Naj\u015bwi\u0119tszym Sakramentem;<\/span><\/li>\n<li><span style=\"color: #000000;\">w Wielkim Po\u015bcie przygotowali\u015bmy muzycznie Drog\u0119 Krzy\u017cow\u0105;<\/span><\/li>\n<li><span style=\"color: #000000;\">prowadzili\u015bmy spotkania uwielbienia Boga dla rodzic\u00f3w dzieci<\/span><\/li>\n<li><span style=\"color: #000000;\">przygotowuj\u0105cych si\u0119 do Pierwszej Komunii \u015awi\u0119tej oraz dla m\u0142odzie\u017cy przygotowuj\u0105cej si\u0119 do sakramentu bierzmowania;<\/span><\/li>\n<li><span style=\"color: #000000;\">pe\u0142nimy pos\u0142ug\u0119 muzyczn\u0105 na \u015blubach.<\/span><\/li>\n<li><span style=\"color: #000000;\">w pa\u017adzierniku 2015 r. pos\u0142ugiwali\u015bmy muzyczne na rekolekcjach \u201eKt\u00f3\u017c jak B\u00f3g\u201d, prowadzonych przez p. Lecha Dokowicza w parafii \u015aw. Wawrzy\u0144ca w Gliniance.<\/span><\/li>\n<\/ul>\n<p style=\"text-align: justify;\"><span style=\"color: #000000;\">Wsp\u00f3lna pos\u0142uga owocuje r\u00f3wnie\u017c budowaniem wzajemnych relacji przyja\u017ani, kt\u00f3re sprawiaj\u0105, \u017ce pozostajemy ze sob\u0105 w sta\u0142ym kontakcie, tak\u017ce poza spotkaniami modlitewnymi.<\/span><\/p>\n<style id=\"bwg-style-0\">  #bwg_container1_0 {    display: table;\t\/*visibility: hidden;*\/  }  #bwg_container1_0 * {\t  -moz-user-select: none;\t  -khtml-user-select: none;\t  -webkit-user-select: none;\t  -ms-user-select: none;\t  user-select: none;  }  #bwg_container1_0 #bwg_container2_0 .bwg_slideshow_image_wrap_0 {\t  background-color: #F2F2F2;\t  width: 700px;\t  height: 500px;  }  #bwg_container1_0 #bwg_container2_0 .bwg_slideshow_image_0 {\t  max-width: 700px;\t  max-height: 500px;  }  #bwg_container1_0 #bwg_container2_0 .bwg_slideshow_embed_0 {    width: 700px;    height: 500px;  }  #bwg_container1_0 #bwg_container2_0 #bwg_slideshow_play_pause_0 {\t  background: transparent url(\"https:\/\/parafiacelestynow.pl\/wp-content\/plugins\/photo-gallery\/images\/blank.gif\") repeat scroll 0 0;  }  #bwg_container1_0 #bwg_container2_0 #bwg_slideshow_play_pause-ico_0 {    color: #D6D6D6;    font-size: 35px;  }  #bwg_container1_0 #bwg_container2_0 #bwg_slideshow_play_pause-ico_0:hover {\t  color: #BABABA;  }  #bwg_container1_0 #bwg_container2_0 #spider_slideshow_left_0,  #bwg_container1_0 #bwg_container2_0 #spider_slideshow_right_0 {\t  background: transparent url(\"https:\/\/parafiacelestynow.pl\/wp-content\/plugins\/photo-gallery\/images\/blank.gif\") repeat scroll 0 0;  }  #bwg_container1_0 #bwg_container2_0 #spider_slideshow_left-ico_0,  #bwg_container1_0 #bwg_container2_0 #spider_slideshow_right-ico_0 {\t  background-color: #FFFFFF;\t  border-radius: 20px;\t  border: 0px none #FFFFFF;\t  box-shadow: ;\t  color: #D6D6D6;\t  height: 37px;\t  font-size: 12px;\t  width: 37px;\t  opacity: 1.00;  }  #bwg_container1_0 #bwg_container2_0 #spider_slideshow_left-ico_0:hover,  #bwg_container1_0 #bwg_container2_0 #spider_slideshow_right-ico_0:hover {\t  color: #BABABA;  }      #spider_slideshow_left-ico_0{      left: -9999px;    }    #spider_slideshow_right-ico_0{      left: -9999px;    }      #bwg_container1_0 #bwg_container2_0 .bwg_slideshow_image_container_0 {\t  bottom: 0px;\t  width: 700px;\t  height: 500px;\t}\t#bwg_container1_0 #bwg_container2_0 .bwg_slideshow_filmstrip_container_0 {\t  display: table;\t  height: 0px;\t  width: 700px;\t  bottom: 0;  }  \/* Filmstrip dimension *\/  #bwg_container1_0 #bwg_container2_0 .bwg_slideshow_filmstrip_0 {\t  left: 20px;\t  width: 660px;\t  \/*z-index: 10106;*\/  }  #bwg_container1_0 #bwg_container2_0 .bwg_slideshow_filmstrip_thumbnails_0 {    left: 0px;    width: 10px;    height: 0px;  }  #bwg_container1_0 #bwg_container2_0 .bwg_slideshow_filmstrip_thumbnail_0 {    width: 0px;    height: 0px;    margin: 0px 2px 0 0 ;    border: 0px none #000000;    border-radius: 0;  }  #bwg_container1_0 #bwg_container2_0 .bwg_slideshow_thumb_active_0 {\t  border: 0px solid #FFFFFF;  }  #bwg_container1_0 #bwg_container2_0 .bwg_slideshow_thumb_deactive_0 {    opacity: 1.00;  }  #bwg_container1_0 #bwg_container2_0 .bwg_slideshow_filmstrip_left_0,  #bwg_container1_0 #bwg_container2_0 .bwg_slideshow_filmstrip_left_disabled_0 {\t  background-color: #F2F2F2;\t  display: table-cell;\t  width: 20px;\t  left: 0;\t  \t    }  #bwg_container1_0 #bwg_container2_0 .bwg_slideshow_filmstrip_right_0,  #bwg_container1_0 #bwg_container2_0 .bwg_slideshow_filmstrip_right_disabled_0 {\t  background-color: #F2F2F2;    display: table-cell;    right: 0;\t  width: 20px;\t  \t    }  #bwg_container1_0 #bwg_container2_0 .bwg_slideshow_filmstrip_left_0 i,  #bwg_container1_0 #bwg_container2_0 .bwg_slideshow_filmstrip_right_0 i,  #bwg_container1_0 #bwg_container2_0 .bwg_slideshow_filmstrip_left_disabled_0 i,  #bwg_container1_0 #bwg_container2_0 .bwg_slideshow_filmstrip_right_disabled_0 i {\t  color: #BABABA;\t  font-size: 20px;  }  #bwg_container1_0 #bwg_container2_0 .bwg_slideshow_filmstrip_left_0 {    display: none;  }  #bwg_container1_0 #bwg_container2_0 .bwg_slideshow_filmstrip_left_disabled_0,  #bwg_container1_0 #bwg_container2_0 .bwg_slideshow_filmstrip_right_disabled_0 {    display: none;    opacity: 0.3;  }  #bwg_container1_0 #bwg_container2_0 .bwg_slideshow_filmstrip_left_disabled_0 {    display: table-cell;  }  #bwg_container1_0 #bwg_container2_0 .bwg_slideshow_watermark_spun_0 {\t  text-align: left;\t  vertical-align: bottom;  }  #bwg_container1_0 #bwg_container2_0 .bwg_slideshow_title_spun_0 {\t  text-align: right;\t  vertical-align: top;  }  #bwg_container1_0 #bwg_container2_0 .bwg_slideshow_description_spun_0 {\t  text-align: right;\t  vertical-align: bottom;  }  #bwg_container1_0 #bwg_container2_0 .bwg_slideshow_watermark_image_0 {\t  max-height: 90px;\t  max-width: 90px;\t  opacity: 0.30;  }  #bwg_container1_0 #bwg_container2_0 .bwg_slideshow_watermark_text_0,  #bwg_container1_0 #bwg_container2_0 .bwg_slideshow_watermark_text_0:hover {\t  text-decoration: none;\t  margin: 4px;\t  position: relative;\t  z-index: 15;  }  #bwg_container1_0 #bwg_container2_0 .bwg_slideshow_title_text_0 {\t  font-size: 16px;\t  font-family: Ubuntu;\t  color: #FFFFFF !important;\t  opacity: 0.70;    border-radius: 5px;\t  background-color: #000000;\t  padding: 0 0 0 0;\t  \t\tmargin: 5px;\t  \t    }  #bwg_container1_0 #bwg_container2_0 .bwg_slideshow_description_text_0 {\t  font-size: 14px;\t  font-family: Ubuntu;\t  color: #FFFFFF !important;\t  opacity: 0.70;    border-radius: 0;\t  background-color: #000000;\t  padding: 5px 10px 5px 10px;\t  bottom:16px;  }  #bwg_container1_0 #bwg_container2_0 .bwg_slideshow_description_text_0 * {\ttext-decoration: none;\tcolor: #FFFFFF !important;  }  #bwg_container1_0 #bwg_container2_0 .bwg_slideshow_dots_0 {\t  width: 12px;\t  height: 12px;\t  border-radius: 5px;\t  background: #F2D22E;\t  margin: 3px;  }  #bwg_container1_0 #bwg_container2_0 .bwg_slideshow_dots_container_0 {\t  width: 700px;\t  bottom: 0;  }  #bwg_container1_0 #bwg_container2_0 .bwg_slideshow_dots_thumbnails_0 {\t  height: 18px;\t  width: 90px;  }  #bwg_container1_0 #bwg_container2_0 .bwg_slideshow_dots_active_0 {\t  background: #FFFFFF;\t  border: 1px solid #000000;  }  <\/style>    <div id=\"bwg_container1_0\"         class=\"bwg_container bwg_thumbnail bwg_slideshow\"         data-right-click-protection=\"0\"         data-bwg=\"0\"         data-gallery-type=\"slideshow\"         data-current-url=\"https:\/\/parafiacelestynow.pl\/index.php?rest_route=%2Fwp%2Fv2%2Fpages%2F126\"         data-lightbox-url=\"https:\/\/parafiacelestynow.pl\/wp-admin\/admin-ajax.php?action=GalleryBox&#038;current_view=0&#038;gallery_id=1&#038;tag=0&#038;theme_id=1&#038;shortcode_id=2&#038;sort_by=order&#038;order_by=asc&#038;current_url=https%3A%2F%2Fparafiacelestynow.pl%2Findex.php%3Frest_route%3D%252Fwp%252Fv2%252Fpages%252F126\"         data-gallery-id=\"1\"         data-popup-width=\"800\"         data-popup-height=\"500\"         data-is-album=\"gallery\"         data-buttons-position=\"bottom\">      <div id=\"bwg_container2_0\">             <div id=\"ajax_loading_0\" class=\"bwg_loading_div_1\">      <div class=\"bwg_loading_div_2\">        <div class=\"bwg_loading_div_3\">          <div id=\"loading_div_0\" class=\"bwg_spider_ajax_loading\">          <\/div>        <\/div>      <\/div>    <\/div>            <form id=\"gal_front_form_0\"              class=\"bwg-hidden\"              method=\"post\"              action=\"#\"              data-current=\"0\"              data-shortcode-id=\"2\"              data-gallery-type=\"slideshow\"              data-gallery-id=\"1\"              data-tag=\"0\"              data-album-id=\"0\"              data-theme-id=\"1\"              data-ajax-url=\"https:\/\/parafiacelestynow.pl\/wp-admin\/admin-ajax.php?action=bwg_frontend_data\">          <div id=\"bwg_container3_0\" class=\"bwg-background bwg-background-0\">              <div class=\"bwg_slideshow_image_wrap_0 bwg-slideshow-images-wrapper bwg-container\"       data-bwg=\"0\"       data-lightbox-url=\"https:\/\/parafiacelestynow.pl\/wp-admin\/admin-ajax.php?action=GalleryBox&#038;current_view=0&#038;gallery_id=1&#038;tag=0&#038;theme_id=1&#038;shortcode_id=2&#038;sort_by=order&#038;order_by=asc&#038;current_url=https%3A%2F%2Fparafiacelestynow.pl%2Findex.php%3Frest_route%3D%252Fwp%252Fv2%252Fpages%252F126\">          <div class=\"bwg_slideshow_dots_container_0\">        <div class=\"bwg_slideshow_dots_thumbnails_0\">                      <span id=\"bwg_dots_0_0\" class=\"bwg_slideshow_dots_0 bwg_slideshow_dots_active_0\" onclick=\"bwg_change_image(parseInt(jQuery('#bwg_current_image_key_0').val()), '0', '', '', 0)\" image_id=\"1\" image_key=\"0\"><\/span>                        <span id=\"bwg_dots_1_0\" class=\"bwg_slideshow_dots_0 bwg_slideshow_dots_deactive_0\" onclick=\"bwg_change_image(parseInt(jQuery('#bwg_current_image_key_0').val()), '1', '', '', 0)\" image_id=\"2\" image_key=\"1\"><\/span>                        <span id=\"bwg_dots_2_0\" class=\"bwg_slideshow_dots_0 bwg_slideshow_dots_deactive_0\" onclick=\"bwg_change_image(parseInt(jQuery('#bwg_current_image_key_0').val()), '2', '', '', 0)\" image_id=\"3\" image_key=\"2\"><\/span>                        <span id=\"bwg_dots_3_0\" class=\"bwg_slideshow_dots_0 bwg_slideshow_dots_deactive_0\" onclick=\"bwg_change_image(parseInt(jQuery('#bwg_current_image_key_0').val()), '3', '', '', 0)\" image_id=\"4\" image_key=\"3\"><\/span>                        <span id=\"bwg_dots_4_0\" class=\"bwg_slideshow_dots_0 bwg_slideshow_dots_deactive_0\" onclick=\"bwg_change_image(parseInt(jQuery('#bwg_current_image_key_0').val()), '4', '', '', 0)\" image_id=\"5\" image_key=\"4\"><\/span>                    <\/div>      <\/div>          <div id=\"bwg_slideshow_image_container_0\"         class=\"bwg_slideshow_image_container_0\"         data-params='{&quot;bwg_source&quot;:&quot;slider&quot;,&quot;bwg_current_key&quot;:&quot;&quot;,&quot;bwg_transition_duration&quot;:100,&quot;bwg_trans_in_progress&quot;:false,&quot;data&quot;:[{&quot;id&quot;:&quot;1&quot;,&quot;alt&quot;:&quot;received_426725222428490&quot;,&quot;description&quot;:&quot;&quot;,&quot;filetype&quot;:&quot;jpeg&quot;,&quot;filename&quot;:&quot;received_426725222428490&quot;,&quot;image_url&quot;:&quot;\\\/imported_from_media_libray\\\/received_426725222428490.jpeg?bwg=1645802421&quot;,&quot;thumb_url&quot;:&quot;\\\/imported_from_media_libray\\\/thumb\\\/received_426725222428490.jpeg?bwg=1645802421&quot;,&quot;redirect_url&quot;:&quot;&quot;,&quot;date&quot;:&quot;2022-02-25 15:19:47&quot;,&quot;is_embed&quot;:false,&quot;is_embed_video&quot;:false,&quot;image_width&quot;:&quot;1200&quot;,&quot;image_height&quot;:&quot;900&quot;,&quot;thumb_width&quot;:&quot;500&quot;,&quot;thumb_height&quot;:&quot;375&quot;},{&quot;id&quot;:&quot;2&quot;,&quot;alt&quot;:&quot;received_4650046615076942&quot;,&quot;description&quot;:&quot;&quot;,&quot;filetype&quot;:&quot;jpeg&quot;,&quot;filename&quot;:&quot;received_4650046615076942&quot;,&quot;image_url&quot;:&quot;\\\/imported_from_media_libray\\\/received_4650046615076942.jpeg?bwg=1645802421&quot;,&quot;thumb_url&quot;:&quot;\\\/imported_from_media_libray\\\/thumb\\\/received_4650046615076942.jpeg?bwg=1645802421&quot;,&quot;redirect_url&quot;:&quot;&quot;,&quot;date&quot;:&quot;2022-02-25 15:19:47&quot;,&quot;is_embed&quot;:false,&quot;is_embed_video&quot;:false,&quot;image_width&quot;:&quot;1200&quot;,&quot;image_height&quot;:&quot;675&quot;,&quot;thumb_width&quot;:&quot;500&quot;,&quot;thumb_height&quot;:&quot;281&quot;},{&quot;id&quot;:&quot;3&quot;,&quot;alt&quot;:&quot;received_811711106208488&quot;,&quot;description&quot;:&quot;&quot;,&quot;filetype&quot;:&quot;jpeg&quot;,&quot;filename&quot;:&quot;received_811711106208488&quot;,&quot;image_url&quot;:&quot;\\\/imported_from_media_libray\\\/received_811711106208488.jpeg?bwg=1645802421&quot;,&quot;thumb_url&quot;:&quot;\\\/imported_from_media_libray\\\/thumb\\\/received_811711106208488.jpeg?bwg=1645802421&quot;,&quot;redirect_url&quot;:&quot;&quot;,&quot;date&quot;:&quot;2022-02-25 15:19:48&quot;,&quot;is_embed&quot;:false,&quot;is_embed_video&quot;:false,&quot;image_width&quot;:&quot;1200&quot;,&quot;image_height&quot;:&quot;674&quot;,&quot;thumb_width&quot;:&quot;500&quot;,&quot;thumb_height&quot;:&quot;281&quot;},{&quot;id&quot;:&quot;4&quot;,&quot;alt&quot;:&quot;received_1080509139402192&quot;,&quot;description&quot;:&quot;&quot;,&quot;filetype&quot;:&quot;jpeg&quot;,&quot;filename&quot;:&quot;received_1080509139402192&quot;,&quot;image_url&quot;:&quot;\\\/imported_from_media_libray\\\/received_1080509139402192.jpeg?bwg=1645802421&quot;,&quot;thumb_url&quot;:&quot;\\\/imported_from_media_libray\\\/thumb\\\/received_1080509139402192.jpeg?bwg=1645802421&quot;,&quot;redirect_url&quot;:&quot;&quot;,&quot;date&quot;:&quot;2022-02-25 15:19:48&quot;,&quot;is_embed&quot;:false,&quot;is_embed_video&quot;:false,&quot;image_width&quot;:&quot;900&quot;,&quot;image_height&quot;:&quot;1200&quot;,&quot;thumb_width&quot;:&quot;375&quot;,&quot;thumb_height&quot;:&quot;500&quot;},{&quot;id&quot;:&quot;5&quot;,&quot;alt&quot;:&quot;received_4441065169324277&quot;,&quot;description&quot;:&quot;&quot;,&quot;filetype&quot;:&quot;jpeg&quot;,&quot;filename&quot;:&quot;received_4441065169324277&quot;,&quot;image_url&quot;:&quot;\\\/imported_from_media_libray\\\/received_4441065169324277.jpeg?bwg=1645802421&quot;,&quot;thumb_url&quot;:&quot;\\\/imported_from_media_libray\\\/thumb\\\/received_4441065169324277.jpeg?bwg=1645802421&quot;,&quot;redirect_url&quot;:&quot;&quot;,&quot;date&quot;:&quot;2022-02-25 15:19:49&quot;,&quot;is_embed&quot;:false,&quot;is_embed_video&quot;:false,&quot;image_width&quot;:&quot;1200&quot;,&quot;image_height&quot;:&quot;900&quot;,&quot;thumb_width&quot;:&quot;500&quot;,&quot;thumb_height&quot;:&quot;375&quot;}],&quot;width_or_height&quot;:&quot;width&quot;,&quot;filmstrip_thumb_margin_hor&quot;:2,&quot;left_or_top&quot;:&quot;left&quot;,&quot;outerWidth_or_outerHeight&quot;:&quot;outerWidth&quot;,&quot;enable_slideshow_shuffle&quot;:&quot;0&quot;,&quot;lightbox_filmstrip_thumb_border_width&quot;:&quot;1&quot;,&quot;thumb_click_action&quot;:&quot;open_lightbox&quot;,&quot;thumb_link_target&quot;:&quot;1&quot;,&quot;upload_url&quot;:&quot;https:\\\/\\\/parafiacelestynow.pl\\\/wp-content\\\/uploads\\\/photo-gallery&quot;,&quot;preload_images&quot;:&quot;1&quot;,&quot;slideshow_effect&quot;:&quot;fade&quot;,&quot;event_stack&quot;:&quot;&quot;,&quot;preload_images_count&quot;:10,&quot;image_width&quot;:&quot;700&quot;,&quot;image_height&quot;:&quot;500&quot;,&quot;thumb_width&quot;:&quot;250&quot;,&quot;thumb_height&quot;:&quot;140&quot;,&quot;filmstrip_direction&quot;:&quot;horizontal&quot;,&quot;slideshow_filmstrip_type&quot;:0,&quot;slideshow_thumbnails_count&quot;:0,&quot;slideshow_filmstrip_width&quot;:0,&quot;slideshow_filmstrip_height&quot;:0,&quot;slideshow_filmstrip_rl_btn_size&quot;:&quot;20&quot;,&quot;slideshow_play_pause_btn_size&quot;:&quot;35&quot;,&quot;watermark_type&quot;:&quot;90&quot;,&quot;watermark_height&quot;:&quot;90&quot;,&quot;watermark_font_size&quot;:&quot;20&quot;,&quot;slideshow_title_font_size&quot;:&quot;16&quot;,&quot;slideshow_description_font_size&quot;:&quot;14&quot;,&quot;bwg_playInterval&quot;:&quot;&quot;,&quot;slideshow_interval&quot;:5,&quot;image_right_click&quot;:&quot;0&quot;,&quot;enable_slideshow_autoplay&quot;:&quot;0&quot;,&quot;enable_slideshow_music&quot;:&quot;0&quot;,&quot;bwg_current_filmstrip_pos&quot;:0}'         data-filmstrip-position=\"bottom\"         data-filmstrip-size=\"0\">      <div class=\"bwg_slide_container_0\">        <div class=\"bwg_slide_bg_0\">          <div class=\"bwg_slider_0\">                            <span class=\"bwg_slideshow_image_spun_0\" id=\"image_id_0_1\">                    <span class=\"bwg_slideshow_image_spun1_0\">                      <span class=\"bwg_slideshow_image_spun2_0\">                                                  <a  class=\"bwg-a bwg_lightbox\" href=\"https:\/\/parafiacelestynow.pl\/wp-content\/uploads\/photo-gallery\/imported_from_media_libray\/received_426725222428490.jpeg?bwg=1645802421\" data-image-id=\"1\" data-elementor-open-lightbox=\"no\">                          <img decoding=\"async\" id=\"bwg_slideshow_image_0\"                               class=\"skip-lazy bwg_slide bwg_slideshow_image_0 \"                               src=\"https:\/\/parafiacelestynow.pl\/wp-content\/uploads\/photo-gallery\/imported_from_media_libray\/received_426725222428490.jpeg?bwg=1645802421\"                               data-src=\"https:\/\/parafiacelestynow.pl\/wp-content\/uploads\/photo-gallery\/imported_from_media_libray\/received_426725222428490.jpeg?bwg=1645802421\"                               image_id=\"1\"                               alt=\"received_426725222428490\" \/>                          <\/a>                                                <\/span>                    <\/span>                  <\/span>                <span class=\"bwg_slideshow_image_second_spun_0\">                  <\/span>                <input type=\"hidden\" id=\"bwg_current_image_key_0\" value=\"0\" \/>                          <\/div>        <\/div>      <\/div>              <a class=\"bwg-a\" id=\"spider_slideshow_left_0\" onclick=\"bwg_change_image(parseInt(jQuery('#bwg_current_image_key_0').val()), (parseInt(jQuery('#bwg_current_image_key_0').val()) + 5 - bwg_iterator(0)) % 5, '', '', 0); return false;\"><span id=\"spider_slideshow_left-ico_0\"><span><i class=\"bwg-icon-angle-left bwg_slideshow_prev_btn_0\"><\/i><\/span><\/span><\/a>        <span id=\"bwg_slideshow_play_pause_0\" class=\"bwg_slideshow_play_pause\" style=\"display: undefined;\"><span><span id=\"bwg_slideshow_play_pause-ico_0\"><i class=\"bwg-icon-play bwg_ctrl_btn_0 bwg_slideshow_play_pause_0\"><\/i><\/span><\/span><\/span>        <a class=\"bwg-a\" id=\"spider_slideshow_right_0\" onclick=\"bwg_change_image(parseInt(jQuery('#bwg_current_image_key_0').val()), (parseInt(jQuery('#bwg_current_image_key_0').val()) + bwg_iterator(0)) % 5, '', '', 0); return false;\"><span id=\"spider_slideshow_right-ico_0\"><span><i class=\"bwg-icon-angle-right bwg_slideshow_next_btn_0\"><\/i><\/span><\/span><\/a>            <\/div>      <\/div>            <\/div>        <\/form>          <style>          #bwg_container1_0 #bwg_container2_0 #spider_popup_overlay_0 {          background-color: #EEEEEE;          opacity: 0.60;          }          <\/style>        <div id=\"bwg_spider_popup_loading_0\" class=\"bwg_spider_popup_loading\"><\/div>        <div id=\"spider_popup_overlay_0\" class=\"spider_popup_overlay\" onclick=\"spider_destroypopup(1000)\"><\/div>        <input type=\"hidden\" id=\"bwg_random_seed_0\" value=\"1229975480\">                <\/div>    <\/div>    <script>      if (document.readyState === 'complete') {        if( typeof bwg_main_ready == 'function' ) {          if ( jQuery(\"#bwg_container1_0\").height() ) {            bwg_main_ready(jQuery(\"#bwg_container1_0\"));          }        }      } else {        document.addEventListener('DOMContentLoaded', function() {          if( typeof bwg_main_ready == 'function' ) {            if ( jQuery(\"#bwg_container1_0\").height() ) {             bwg_main_ready(jQuery(\"#bwg_container1_0\"));            }          }        });      }    <\/script>    \n","protected":false},"excerpt":{"rendered":"<p>Wsp\u00f3lnota muzycznego uwielbienia Pana \u201eWniebog\u0142osy\u201d Wsp\u00f3lnota istnieje od 2014 roku, obecnie nale\u017cy do niej 13 os\u00f3b. Nasza pos\u0142uga polega na wielbieniu Pana \u015bpiewem oraz poznawaniu Jego Mi\u0142o\u015bci w S\u0142owie Bo\u017cym. Pos\u0142ugujemy muzycznie raz w miesi\u0105cu na niedzielnej Mszy \u015awi\u0119tej o godz. 18:00 w naszym ko\u015bciele. Bezpo\u015brednio po mszy ma miejsce wsp\u00f3lna modlitwa i uwielbienie Boga [&hellip;]<\/p>\n","protected":false},"author":2,"featured_media":0,"parent":0,"menu_order":0,"comment_status":"closed","ping_status":"closed","template":"","meta":{"_expiration-date-status":"","_expiration-date":0,"_expiration-date-type":"","_expiration-date-categories":[],"_expiration-date-options":[],"footnotes":""},"class_list":["post-126","page","type-page","status-publish","hentry"],"_links":{"self":[{"href":"https:\/\/parafiacelestynow.pl\/index.php?rest_route=\/wp\/v2\/pages\/126","targetHints":{"allow":["GET"]}}],"collection":[{"href":"https:\/\/parafiacelestynow.pl\/index.php?rest_route=\/wp\/v2\/pages"}],"about":[{"href":"https:\/\/parafiacelestynow.pl\/index.php?rest_route=\/wp\/v2\/types\/page"}],"author":[{"embeddable":true,"href":"https:\/\/parafiacelestynow.pl\/index.php?rest_route=\/wp\/v2\/users\/2"}],"replies":[{"embeddable":true,"href":"https:\/\/parafiacelestynow.pl\/index.php?rest_route=%2Fwp%2Fv2%2Fcomments&post=126"}],"version-history":[{"count":9,"href":"https:\/\/parafiacelestynow.pl\/index.php?rest_route=\/wp\/v2\/pages\/126\/revisions"}],"predecessor-version":[{"id":930,"href":"https:\/\/parafiacelestynow.pl\/index.php?rest_route=\/wp\/v2\/pages\/126\/revisions\/930"}],"wp:attachment":[{"href":"https:\/\/parafiacelestynow.pl\/index.php?rest_route=%2Fwp%2Fv2%2Fmedia&parent=126"}],"curies":[{"name":"wp","href":"https:\/\/api.w.org\/{rel}","templated":true}]}}