{"id":148,"date":"2021-12-03T11:05:40","date_gmt":"2021-12-03T10:05:40","guid":{"rendered":"http:\/\/parafiacelestynow.pl\/www\/?page_id=148"},"modified":"2024-08-23T19:22:52","modified_gmt":"2024-08-23T17:22:52","slug":"chrzest","status":"publish","type":"page","link":"https:\/\/parafiacelestynow.pl\/?page_id=148","title":{"rendered":"Chrzest \u015bwi\u0119ty"},"content":{"rendered":"<h2 style=\"text-align:center\">Chrzest<\/h2>\n<p><strong>Dokumenty wymagane do chrztu<\/strong><\/p>\n<ul>\n<li>Metryka urodzenia dziecka z USC<\/li>\n<li>Dane personalne rodzic\u00f3w i rodzic\u00f3w chrzestnych (imi\u0119 i nazwisko, data urodzenia, adres)<\/li>\n<li>Za\u015bwiadczenie od proboszcza rodzic\u00f3w chrzestnych, \u017ce mog\u0105 zosta\u0107 chrzestnymi<\/li>\n<li>W przypadku dzieci spoza naszej parafii &#8211; pozwolenie w\u0142a\u015bciwego proboszcza na chrzest poza parafi\u0105<\/li>\n<li>Dow\u00f3d osobisty<\/li>\n<\/ul>\n<p><strong>Katecheza chrzcielna<\/strong><\/p>\n<ul>\n<li>Poniedzia\u0142ek po pierwszej niedzieli miesi\u0105ca w ko\u015bciele o godz. 19:00<\/li>\n<\/ul>\n<p><strong>Chrztu udzielamy w niedziele podczas Mszy \u015awi\u0119tej o godz. 11:30<\/strong><\/p>\n","protected":false},"excerpt":{"rendered":"<p>Chrzest Dokumenty wymagane do chrztu Metryka urodzenia dziecka z USC Dane personalne rodzic\u00f3w i rodzic\u00f3w chrzestnych (imi\u0119 i nazwisko, data urodzenia, adres) Za\u015bwiadczenie od proboszcza rodzic\u00f3w chrzestnych, \u017ce mog\u0105 zosta\u0107 chrzestnymi W przypadku dzieci spoza naszej parafii &#8211; pozwolenie w\u0142a\u015bciwego proboszcza na chrzest poza parafi\u0105 Dow\u00f3d osobisty Katecheza chrzcielna Poniedzia\u0142ek po pierwszej niedzieli miesi\u0105ca w [&hellip;]<\/p>\n","protected":false},"author":2,"featured_media":0,"parent":0,"menu_order":0,"comment_status":"closed","ping_status":"closed","template":"","meta":{"_expiration-date-status":"","_expiration-date":0,"_expiration-date-type":"","_expiration-date-categories":[],"_expiration-date-options":[],"footnotes":""},"class_list":["post-148","page","type-page","status-publish","hentry"],"_links":{"self":[{"href":"https:\/\/parafiacelestynow.pl\/index.php?rest_route=\/wp\/v2\/pages\/148","targetHints":{"allow":["GET"]}}],"collection":[{"href":"https:\/\/parafiacelestynow.pl\/index.php?rest_route=\/wp\/v2\/pages"}],"about":[{"href":"https:\/\/parafiacelestynow.pl\/index.php?rest_route=\/wp\/v2\/types\/page"}],"author":[{"embeddable":true,"href":"https:\/\/parafiacelestynow.pl\/index.php?rest_route=\/wp\/v2\/users\/2"}],"replies":[{"embeddable":true,"href":"https:\/\/parafiacelestynow.pl\/index.php?rest_route=%2Fwp%2Fv2%2Fcomments&post=148"}],"version-history":[{"count":16,"href":"https:\/\/parafiacelestynow.pl\/index.php?rest_route=\/wp\/v2\/pages\/148\/revisions"}],"predecessor-version":[{"id":1837,"href":"https:\/\/parafiacelestynow.pl\/index.php?rest_route=\/wp\/v2\/pages\/148\/revisions\/1837"}],"wp:attachment":[{"href":"https:\/\/parafiacelestynow.pl\/index.php?rest_route=%2Fwp%2Fv2%2Fmedia&parent=148"}],"curies":[{"name":"wp","href":"https:\/\/api.w.org\/{rel}","templated":true}]}}