{"id":154,"date":"2021-12-03T11:06:19","date_gmt":"2021-12-03T10:06:19","guid":{"rendered":"http:\/\/parafiacelestynow.pl\/www\/?page_id=154"},"modified":"2022-02-23T21:32:43","modified_gmt":"2022-02-23T20:32:43","slug":"bierzmowanie","status":"publish","type":"page","link":"https:\/\/parafiacelestynow.pl\/?page_id=154","title":{"rendered":"Bierzmowanie"},"content":{"rendered":"<h2 style=\"text-align:center\">Bierzmowanie<\/h2>\n<p><strong>Wymagane dokumenty<\/strong><\/p>\n<ul>\n<li>Metryka chrztu<\/li>\n<li>Za\u015bwiadczenie o uczestnictwie w katechezie szkolnej lub ostatnie \u015bwiadectwo katechizacji<\/li>\n<li>W przypadku os\u00f3b starszych \u2013 \u015bwiadectwo uko\u0144czenia katechizacji szkolnej<\/li>\n<\/ul>\n","protected":false},"excerpt":{"rendered":"<p>Bierzmowanie Wymagane dokumenty Metryka chrztu Za\u015bwiadczenie o uczestnictwie w katechezie szkolnej lub ostatnie \u015bwiadectwo katechizacji W przypadku os\u00f3b starszych \u2013 \u015bwiadectwo uko\u0144czenia katechizacji szkolnej<\/p>\n","protected":false},"author":2,"featured_media":0,"parent":0,"menu_order":0,"comment_status":"closed","ping_status":"closed","template":"","meta":{"_expiration-date-status":"","_expiration-date":0,"_expiration-date-type":"","_expiration-date-categories":[],"_expiration-date-options":[],"footnotes":""},"class_list":["post-154","page","type-page","status-publish","hentry"],"_links":{"self":[{"href":"https:\/\/parafiacelestynow.pl\/index.php?rest_route=\/wp\/v2\/pages\/154","targetHints":{"allow":["GET"]}}],"collection":[{"href":"https:\/\/parafiacelestynow.pl\/index.php?rest_route=\/wp\/v2\/pages"}],"about":[{"href":"https:\/\/parafiacelestynow.pl\/index.php?rest_route=\/wp\/v2\/types\/page"}],"author":[{"embeddable":true,"href":"https:\/\/parafiacelestynow.pl\/index.php?rest_route=\/wp\/v2\/users\/2"}],"replies":[{"embeddable":true,"href":"https:\/\/parafiacelestynow.pl\/index.php?rest_route=%2Fwp%2Fv2%2Fcomments&post=154"}],"version-history":[{"count":4,"href":"https:\/\/parafiacelestynow.pl\/index.php?rest_route=\/wp\/v2\/pages\/154\/revisions"}],"predecessor-version":[{"id":740,"href":"https:\/\/parafiacelestynow.pl\/index.php?rest_route=\/wp\/v2\/pages\/154\/revisions\/740"}],"wp:attachment":[{"href":"https:\/\/parafiacelestynow.pl\/index.php?rest_route=%2Fwp%2Fv2%2Fmedia&parent=154"}],"curies":[{"name":"wp","href":"https:\/\/api.w.org\/{rel}","templated":true}]}}