{"id":217,"date":"2021-12-03T22:42:33","date_gmt":"2021-12-03T21:42:33","guid":{"rendered":"http:\/\/parafiacelestynow.pl\/www\/?page_id=217"},"modified":"2022-02-23T15:25:43","modified_gmt":"2022-02-23T14:25:43","slug":"sluzba-liturgiczna-oltarza-2","status":"publish","type":"page","link":"https:\/\/parafiacelestynow.pl\/?page_id=217","title":{"rendered":"S\u0142u\u017cba Liturgiczna O\u0142tarza"},"content":{"rendered":"<h2 style=\"text-align: center;\"><span style=\"color: #000000;\">Ministranci<\/span><\/h2>\n<p><span style=\"color: #000000;\"><strong>Kto to jest MINISTRANT?<\/strong><\/span><\/p>\n<p style=\"text-align:justify\"><span style=\"color: #000000;\">1. Ministrant jest POMOCNIKIEM przy sprawowaniu Mszy \u015bwi\u0119tej i podczas innych nabo\u017ce\u0144stw liturgicznych. Nazwa pochodzi od \u201eministrare\u201d znaczy \u201es\u0142u\u017cy\u0107\u201d. S\u0142u\u017cymy Bogu, kiedy przyczyniamy si\u0119 do tego, aby liturgia by\u0142a pi\u0119kna. Ministrant us\u0142uguje ksi\u0119dzu, gdy przygotowany jest o\u0142tarz i dary ofiarne potrzebne do ofiary Mszy \u015bwi\u0119tej. Pomaga r\u00f3wnie\u017c po zako\u0144czeniu Mszy \u015bwi\u0119tej.<\/span><\/p>\n<p style=\"text-align:justify\"><span style=\"color: #000000;\">2. Ministrant jest tym, kt\u00f3ry NIESIE ZNAKI. Ministrant niesie pewne okre\u015blone przedmioty, kt\u00f3re dla liturgii s\u0105 niezb\u0119dne i dla liturgii maj\u0105 szczeg\u00f3lnie wa\u017cne znaczenie. Te znaki maj\u0105 ludziom wierz\u0105cym co\u015b przedstawia\u0107 i wskazywa\u0107 na inn\u0105 rzeczywisto\u015b\u0107.<\/span><\/p>\n<p style=\"text-align:justify\"><span style=\"color: #000000;\">3. Ministrant powinien sam BY\u0106 ZNAKIEM. Ministrant przez s\u0142u\u017cenie wskazuje, \u017ce ka\u017cde nabo\u017ce\u0144stwo liturgiczne sprawowanie w ko\u015bciele, jest nie tylko spraw\u0105 kap\u0142ana, lecz spraw\u0105 ca\u0142ej parafii i wszystkich wiernych! Ministrant przez swoje s\u0142u\u017cenie pokazuje, \u017ce \u201euczestniczy\u0107 w liturgii\u201d nie znaczy tak jak w kinie, albo przed telewizorem tylko s\u0142ucha\u0107 czy ogl\u0105da\u0107! \u201eUczestniczy\u0107 w liturgii\u201d to znaczy tak\u017ce wsp\u00f3\u0142dzia\u0142a\u0107 i wsp\u00f3\u0142tworzy\u0107 j\u0105, czynnie si\u0119 w niej anga\u017cuj\u0105c!<\/span><\/p>\n<p style=\"text-align:justify\"><span style=\"color: #000000;\">4. R\u00f3wnie\u017c szata ministranta (kom\u017ca) powinna co\u015b przedstawia\u0107, czyli by\u0107 znakiem. Str\u00f3j liturgiczny ministranta, podobnie jak szaty kap\u0142ana podczas sprawowania liturgii, pokazuj\u0105 wierz\u0105cym, \u017ce zgromadzenie w Ko\u015bciele nie jest zwyczajnym zgromadzeniem, lecz szczeg\u00f3ln\u0105 wsp\u00f3lnot\u0105 wierz\u0105cych w Chrystusa. To liturgiczne zgromadzenie jest uroczystym \u015bwi\u0119towaniem. W liturgii \u015bwi\u0119tuj\u0105 nie tylko ludzie, ale i B\u00f3g razem z nimi. \u201eGdzie dwaj, albo trzej zebrani s\u0105 w imi\u0119 moje, tam Ja jestem po\u015br\u00f3d nich.\u201d<\/span><\/p>\n<p style=\"text-align:justify\"><span style=\"color: #000000;\">Zbi\u00f3rki dla ministrant\u00f3w m\u0142odszych i kandydat\u00f3w odbywaj\u0105 si\u0119 w soboty o godzinie 9:00 i prowadzone s\u0105 przez ksi\u0119dza opiekuna oraz prezesa ministrant\u00f3w.<\/span><\/p>\n<ul>\n<li><span style=\"color: #000000;\">Opiekun ministrant\u00f3w: ks. Micha\u0142 W\u0142och<\/span><\/li>\n<li><span style=\"color: #000000;\">Prezes ministrant\u00f3w: Bartek G\u0142\u00f3wka<\/span><\/li>\n<\/ul>\n<p><span style=\"color: #000000;\"><strong>ZASADY MINISTRANTA:<\/strong>\u00a0<\/span><\/p>\n<ul>\n<li><span style=\"color: #000000;\">Ministrant kocha Boga i dla Jego chwa\u0142y wzorowo spe\u0142nia swoje obowi\u0105zki.<\/span><\/li>\n<li><span style=\"color: #000000;\">Ministrant s\u0142u\u017cy Chrystusowi w ludziach.<\/span><\/li>\n<li><span style=\"color: #000000;\">Ministrant zwalcza swoje wady i pracuje nad swoim charakterem.<\/span><\/li>\n<li><span style=\"color: #000000;\">Ministrant rozwija w sobie \u017cycie Bo\u017ce.<\/span><\/li>\n<li><span style=\"color: #000000;\">Ministrant poznaje liturgi\u0119 i \u017cyje ni\u0105.<\/span><\/li>\n<li><span style=\"color: #000000;\">Ministrant wznosi wsz\u0119dzie prawdziw\u0105 rado\u015b\u0107.<\/span><\/li>\n<li><span style=\"color: #000000;\">Ministrant prze\u017cywa Boga w przyrodzie.<\/span><\/li>\n<li><span style=\"color: #000000;\">Ministrant zdobywa koleg\u00f3w w pracy i zabawie dla Chrystusa.<\/span><\/li>\n<li><span style=\"color: #000000;\">Ministrant jest pilny i sumienny w nauce i pracy zawodowej.<\/span><\/li>\n<li><span style=\"color: #000000;\">Ministrant modli si\u0119 za Ojczyzn\u0119 i s\u0142u\u017cy jej rzeteln\u0105 prac\u0105.<\/span><\/li>\n<\/ul>\n<p><span style=\"color: #000000;\"><strong>HYMN MINISTRANTA<\/strong><\/span><\/p>\n<p><center><span style=\"color: #000000;\">Kr\u00f3luj nam Chryste, zawsze i wsz\u0119dzie<\/span><br \/>\n<span style=\"color: #000000;\">to nasze rycerskie has\u0142o.<\/span><br \/>\n<span style=\"color: #000000;\">Ono nas zawsze prowadzi\u0107 b\u0119dzie <\/span><br \/>\n<span style=\"color: #000000;\">i \u015bwieci\u0107 jak s\u0142o\u0144ce jasno. <\/span><\/center><span style=\"color: #000000;\">Naprz\u00f3d przebojem m\u0142odzi rycerze <\/span><br \/>\n<span style=\"color: #000000;\">Do walki z grzechem swej duszy <\/span><br \/>\n<span style=\"color: #000000;\">Wodzem nam Jezus w Hostii ukryty <\/span><br \/>\n<span style=\"color: #000000;\">Z nim w b\u00f3j nasz zast\u0119p wyruszy. <\/span><\/p>\n<p><span style=\"color: #000000;\">P\u00f3jdziemy naprz\u00f3d, naprz\u00f3d rado\u015bnie <\/span><br \/>\n<span style=\"color: #000000;\">Podnosz\u0105c w g\u00f3r\u0119 swe czo\u0142a. <\/span><br \/>\n<span style=\"color: #000000;\">Przed nami \u017cycie rozkwita w wio\u015bnie <\/span><br \/>\n<span style=\"color: #000000;\">Odwa\u017cnie, bo Jezus wo\u0142a.<\/span><\/p>\n","protected":false},"excerpt":{"rendered":"<p>Ministranci Kto to jest MINISTRANT? 1. Ministrant jest POMOCNIKIEM przy sprawowaniu Mszy \u015bwi\u0119tej i podczas innych nabo\u017ce\u0144stw liturgicznych. Nazwa pochodzi od \u201eministrare\u201d znaczy \u201es\u0142u\u017cy\u0107\u201d. S\u0142u\u017cymy Bogu, kiedy przyczyniamy si\u0119 do tego, aby liturgia by\u0142a pi\u0119kna. Ministrant us\u0142uguje ksi\u0119dzu, gdy przygotowany jest o\u0142tarz i dary ofiarne potrzebne do ofiary Mszy \u015bwi\u0119tej. Pomaga r\u00f3wnie\u017c po zako\u0144czeniu Mszy [&hellip;]<\/p>\n","protected":false},"author":2,"featured_media":0,"parent":0,"menu_order":0,"comment_status":"closed","ping_status":"closed","template":"","meta":{"_expiration-date-status":"","_expiration-date":0,"_expiration-date-type":"","_expiration-date-categories":[],"_expiration-date-options":[],"footnotes":""},"class_list":["post-217","page","type-page","status-publish","hentry"],"_links":{"self":[{"href":"https:\/\/parafiacelestynow.pl\/index.php?rest_route=\/wp\/v2\/pages\/217","targetHints":{"allow":["GET"]}}],"collection":[{"href":"https:\/\/parafiacelestynow.pl\/index.php?rest_route=\/wp\/v2\/pages"}],"about":[{"href":"https:\/\/parafiacelestynow.pl\/index.php?rest_route=\/wp\/v2\/types\/page"}],"author":[{"embeddable":true,"href":"https:\/\/parafiacelestynow.pl\/index.php?rest_route=\/wp\/v2\/users\/2"}],"replies":[{"embeddable":true,"href":"https:\/\/parafiacelestynow.pl\/index.php?rest_route=%2Fwp%2Fv2%2Fcomments&post=217"}],"version-history":[{"count":10,"href":"https:\/\/parafiacelestynow.pl\/index.php?rest_route=\/wp\/v2\/pages\/217\/revisions"}],"predecessor-version":[{"id":651,"href":"https:\/\/parafiacelestynow.pl\/index.php?rest_route=\/wp\/v2\/pages\/217\/revisions\/651"}],"wp:attachment":[{"href":"https:\/\/parafiacelestynow.pl\/index.php?rest_route=%2Fwp%2Fv2%2Fmedia&parent=217"}],"curies":[{"name":"wp","href":"https:\/\/api.w.org\/{rel}","templated":true}]}}