{"id":223,"date":"2021-12-03T22:44:42","date_gmt":"2021-12-03T21:44:42","guid":{"rendered":"http:\/\/parafiacelestynow.pl\/www\/?page_id=223"},"modified":"2022-02-23T17:05:07","modified_gmt":"2022-02-23T16:05:07","slug":"roze-rozancowe-rodzicow","status":"publish","type":"page","link":"https:\/\/parafiacelestynow.pl\/?page_id=223","title":{"rendered":"R\u00f3\u017ce R\u00f3\u017ca\u0144cowe Rodzic\u00f3w"},"content":{"rendered":"<h2 style=\"text-align: center;\"><span style=\"color: #000000;\">R\u00f3\u017caniec Rodzic\u00f3w za Dzieci<\/span><\/h2>\n<p><span style=\"color: #000000;\">R\u00f3\u017caniec rodzic\u00f3w za dzieci to wsp\u00f3lna modlitwa r\u00f3\u017ca\u0144cowa rodzic\u00f3w za dzieci. Pomys\u0142 takiej inicjatywy zrodzi\u0142 si\u0119 w lutym 2013 roku po rekolekcjach \u201eUzdrowienie wspomnie\u0144\u201d, kt\u00f3re prze\u017cywa\u0142a Wsp\u00f3lnota Odnowy w Duchu \u015awi\u0119tym. Uczestnictwo w tego rodzaju modlitwie polega na codziennym odmawianiu jednej dziesi\u0105tki r\u00f3\u017ca\u0144ca w intencji dzieci. Pierwszego dnia miesi\u0105ca nast\u0119puje wymiana tajemnic r\u00f3\u017ca\u0144cowych pomi\u0119dzy rodzicami tworz\u0105cymi dan\u0105 r\u00f3\u017c\u0119. Ka\u017cdy uczestnik jest cz\u0142onkiem r\u00f3\u017cy sk\u0142adaj\u0105cej si\u0119 z 20 rodzic\u00f3w. Nasz r\u00f3\u017caniec sk\u0142ada si\u0119 z 16 r\u00f3\u017c, do kt\u00f3rych nale\u017cy 320 os\u00f3b. Opiek\u0119 duchow\u0105 sprawuje ks. Miros\u0142aw Wasiak. <\/span><\/p>\n<p><span style=\"color: #000000;\"><strong>Wszystkie r\u00f3\u017ce spotykaj\u0105 si\u0119 w ka\u017cdy drugi poniedzia\u0142ek miesi\u0105ca na Mszy \u015bw. o godz. 20:00.<\/strong> Dajemy najpi\u0119kniejszy prezent naszym dzieciom, poniewa\u017c wierzymy, \u017ce modlitwa r\u00f3\u017ca\u0144cowa wprowadza je w \u015bwiat Bo\u017cej \u0142aski.<\/span><\/p>\n","protected":false},"excerpt":{"rendered":"<p>R\u00f3\u017caniec Rodzic\u00f3w za Dzieci R\u00f3\u017caniec rodzic\u00f3w za dzieci to wsp\u00f3lna modlitwa r\u00f3\u017ca\u0144cowa rodzic\u00f3w za dzieci. Pomys\u0142 takiej inicjatywy zrodzi\u0142 si\u0119 w lutym 2013 roku po rekolekcjach \u201eUzdrowienie wspomnie\u0144\u201d, kt\u00f3re prze\u017cywa\u0142a Wsp\u00f3lnota Odnowy w Duchu \u015awi\u0119tym. Uczestnictwo w tego rodzaju modlitwie polega na codziennym odmawianiu jednej dziesi\u0105tki r\u00f3\u017ca\u0144ca w intencji dzieci. Pierwszego dnia miesi\u0105ca nast\u0119puje wymiana [&hellip;]<\/p>\n","protected":false},"author":2,"featured_media":0,"parent":0,"menu_order":0,"comment_status":"closed","ping_status":"closed","template":"","meta":{"_expiration-date-status":"","_expiration-date":0,"_expiration-date-type":"","_expiration-date-categories":[],"_expiration-date-options":[],"footnotes":""},"class_list":["post-223","page","type-page","status-publish","hentry"],"_links":{"self":[{"href":"https:\/\/parafiacelestynow.pl\/index.php?rest_route=\/wp\/v2\/pages\/223","targetHints":{"allow":["GET"]}}],"collection":[{"href":"https:\/\/parafiacelestynow.pl\/index.php?rest_route=\/wp\/v2\/pages"}],"about":[{"href":"https:\/\/parafiacelestynow.pl\/index.php?rest_route=\/wp\/v2\/types\/page"}],"author":[{"embeddable":true,"href":"https:\/\/parafiacelestynow.pl\/index.php?rest_route=\/wp\/v2\/users\/2"}],"replies":[{"embeddable":true,"href":"https:\/\/parafiacelestynow.pl\/index.php?rest_route=%2Fwp%2Fv2%2Fcomments&post=223"}],"version-history":[{"count":3,"href":"https:\/\/parafiacelestynow.pl\/index.php?rest_route=\/wp\/v2\/pages\/223\/revisions"}],"predecessor-version":[{"id":669,"href":"https:\/\/parafiacelestynow.pl\/index.php?rest_route=\/wp\/v2\/pages\/223\/revisions\/669"}],"wp:attachment":[{"href":"https:\/\/parafiacelestynow.pl\/index.php?rest_route=%2Fwp%2Fv2%2Fmedia&parent=223"}],"curies":[{"name":"wp","href":"https:\/\/api.w.org\/{rel}","templated":true}]}}