{"id":246,"date":"2021-12-10T16:22:27","date_gmt":"2021-12-10T15:22:27","guid":{"rendered":"http:\/\/parafiacelestynow.pl\/www\/?page_id=246"},"modified":"2022-11-29T14:24:24","modified_gmt":"2022-11-29T13:24:24","slug":"spowiedz","status":"publish","type":"page","link":"https:\/\/parafiacelestynow.pl\/?page_id=246","title":{"rendered":"Sakrament pokuty i pojednania"},"content":{"rendered":"<h2 style=\"text-align: center;\">Sakrament pokuty i pojednania<\/h2>\n<p><strong>Spowied\u017a w czasie ka\u017cdej Mszy \u015bw.<\/strong><\/p>\n<ul>\n<li>Wyj\u0105tek w poniedzia\u0142ek i wtorek &#8211; 15 min. przed Msz\u0105 \u015bw. o godz. 18:00.<\/li>\n<\/ul>\n<p><strong><span style=\"color: red;\">Mo\u017cliwe zmiany czasu spowiedzi \u015bw. s\u0105 podawanie w og\u0142oszeniach parafialnych.<\/span><\/strong><\/p>\n<p><strong>Propozycje rachunk\u00f3w sumienia:<\/strong><\/p>\n<p>Rachunek sumienia dla dzieci:\u00a0<a href=\"https:\/\/adonai.pl\/sakramenty\/spowiedz\/?id=11\">https:\/\/adonai.pl\/sakramenty\/spowiedz\/?id=11<\/a><\/p>\n<p>Rachunek sumienia dla doros\u0142ych:\u00a0<a href=\"https:\/\/kapucynikielce.pl\/rachunek-sumienia-dla-doroslych\/\">https:\/\/kapucynikielce.pl\/rachunek-sumienia-dla-doroslych\/<\/a> lub\u00a0<a href=\"https:\/\/info.dominikanie.pl\/2014\/04\/rachunek-sumienia-doroslych\/\">https:\/\/info.dominikanie.pl\/2014\/04\/rachunek-sumienia-doroslych\/<\/a><\/p>\n<p>Rachunek sumienia dla ma\u0142\u017conk\u00f3w:\u00a0<a href=\"https:\/\/parafiamistrzejowice.pl\/?page_id=3031\">https:\/\/parafiamistrzejowice.pl\/?page_id=3031<\/a><\/p>\n<p>Rachunek sumienia kobiety:\u00a0<a href=\"https:\/\/dobraspowiedz.pl\/rachunki-sumienia\/rachunek-sumienia-kobiety\/\">https:\/\/dobraspowiedz.pl\/rachunki-sumienia\/rachunek-sumienia-kobiety\/<\/a><\/p>\n<p>Rachunek sumienia m\u0119\u017cczyzny:\u00a0<a href=\"https:\/\/dobraspowiedz.pl\/rachunki-sumienia\/rachunek-sumienia-mezczyzny\/\">https:\/\/dobraspowiedz.pl\/rachunki-sumienia\/rachunek-sumienia-mezczyzny\/<\/a><\/p>\n<p>Rachunki sumienia dla r\u00f3\u017cnych grup zawodowych:\u00a0<a href=\"https:\/\/dobraspowiedz.pl\/rachunek-sumienia\/grupy-zawodowe\/\">https:\/\/dobraspowiedz.pl\/rachunek-sumienia\/grupy-zawodowe\/<\/a><\/p>\n<p>Rachunki sumienia dla r\u00f3\u017cnych cz\u0142onk\u00f3w rodziny:\u00a0<a href=\"https:\/\/dobraspowiedz.pl\/rachunek-sumienia\/czlonkowie-rodziny\/\">https:\/\/dobraspowiedz.pl\/rachunek-sumienia\/czlonkowie-rodziny\/<\/a><\/p>\n","protected":false},"excerpt":{"rendered":"<p>Sakrament pokuty i pojednania Spowied\u017a w czasie ka\u017cdej Mszy \u015bw. Wyj\u0105tek w poniedzia\u0142ek i wtorek &#8211; 15 min. przed Msz\u0105 \u015bw. o godz. 18:00. Mo\u017cliwe zmiany czasu spowiedzi \u015bw. s\u0105 podawanie w og\u0142oszeniach parafialnych. Propozycje rachunk\u00f3w sumienia: Rachunek sumienia dla dzieci:\u00a0https:\/\/adonai.pl\/sakramenty\/spowiedz\/?id=11 Rachunek sumienia dla doros\u0142ych:\u00a0https:\/\/kapucynikielce.pl\/rachunek-sumienia-dla-doroslych\/ lub\u00a0https:\/\/info.dominikanie.pl\/2014\/04\/rachunek-sumienia-doroslych\/ Rachunek sumienia dla ma\u0142\u017conk\u00f3w:\u00a0https:\/\/parafiamistrzejowice.pl\/?page_id=3031 Rachunek sumienia kobiety:\u00a0https:\/\/dobraspowiedz.pl\/rachunki-sumienia\/rachunek-sumienia-kobiety\/ Rachunek sumienia [&hellip;]<\/p>\n","protected":false},"author":2,"featured_media":0,"parent":0,"menu_order":0,"comment_status":"closed","ping_status":"closed","template":"","meta":{"_expiration-date-status":"","_expiration-date":0,"_expiration-date-type":"","_expiration-date-categories":[],"_expiration-date-options":[],"footnotes":""},"class_list":["post-246","page","type-page","status-publish","hentry"],"_links":{"self":[{"href":"https:\/\/parafiacelestynow.pl\/index.php?rest_route=\/wp\/v2\/pages\/246","targetHints":{"allow":["GET"]}}],"collection":[{"href":"https:\/\/parafiacelestynow.pl\/index.php?rest_route=\/wp\/v2\/pages"}],"about":[{"href":"https:\/\/parafiacelestynow.pl\/index.php?rest_route=\/wp\/v2\/types\/page"}],"author":[{"embeddable":true,"href":"https:\/\/parafiacelestynow.pl\/index.php?rest_route=\/wp\/v2\/users\/2"}],"replies":[{"embeddable":true,"href":"https:\/\/parafiacelestynow.pl\/index.php?rest_route=%2Fwp%2Fv2%2Fcomments&post=246"}],"version-history":[{"count":6,"href":"https:\/\/parafiacelestynow.pl\/index.php?rest_route=\/wp\/v2\/pages\/246\/revisions"}],"predecessor-version":[{"id":1329,"href":"https:\/\/parafiacelestynow.pl\/index.php?rest_route=\/wp\/v2\/pages\/246\/revisions\/1329"}],"wp:attachment":[{"href":"https:\/\/parafiacelestynow.pl\/index.php?rest_route=%2Fwp%2Fv2%2Fmedia&parent=246"}],"curies":[{"name":"wp","href":"https:\/\/api.w.org\/{rel}","templated":true}]}}