{"id":249,"date":"2021-12-10T16:22:50","date_gmt":"2021-12-10T15:22:50","guid":{"rendered":"http:\/\/parafiacelestynow.pl\/www\/?page_id=249"},"modified":"2022-02-23T21:38:53","modified_gmt":"2022-02-23T20:38:53","slug":"namaszczenie-chorych","status":"publish","type":"page","link":"https:\/\/parafiacelestynow.pl\/?page_id=249","title":{"rendered":"Namaszczenie chorych"},"content":{"rendered":"<h2 style=\"text-align:center\">Namaszczenie chorych<\/h2>\n<p><strong>Sakrament namaszczenia chorych udzielany jest w ostatnim dniu rekolekcji wielkopostnych na Mszy \u015bw. o godz. 16.00.<\/strong><\/br><br \/>\nDodatkowo Kap\u0142ani odwiedzaj\u0105cy chorych w pierwsze pi\u0105tki miesi\u0105ca, na \u017cyczenie chorych lub rodziny, udzielaj\u0105 tego sakramentu. Sakrament ten udzielany jest r\u00f3wnie\u017c przy indywidualnych zg\u0142oszeniach chorych.<\/p>\n","protected":false},"excerpt":{"rendered":"<p>Namaszczenie chorych Sakrament namaszczenia chorych udzielany jest w ostatnim dniu rekolekcji wielkopostnych na Mszy \u015bw. o godz. 16.00. Dodatkowo Kap\u0142ani odwiedzaj\u0105cy chorych w pierwsze pi\u0105tki miesi\u0105ca, na \u017cyczenie chorych lub rodziny, udzielaj\u0105 tego sakramentu. Sakrament ten udzielany jest r\u00f3wnie\u017c przy indywidualnych zg\u0142oszeniach chorych.<\/p>\n","protected":false},"author":2,"featured_media":0,"parent":0,"menu_order":0,"comment_status":"closed","ping_status":"closed","template":"","meta":{"_expiration-date-status":"","_expiration-date":0,"_expiration-date-type":"","_expiration-date-categories":[],"_expiration-date-options":[],"footnotes":""},"class_list":["post-249","page","type-page","status-publish","hentry"],"_links":{"self":[{"href":"https:\/\/parafiacelestynow.pl\/index.php?rest_route=\/wp\/v2\/pages\/249","targetHints":{"allow":["GET"]}}],"collection":[{"href":"https:\/\/parafiacelestynow.pl\/index.php?rest_route=\/wp\/v2\/pages"}],"about":[{"href":"https:\/\/parafiacelestynow.pl\/index.php?rest_route=\/wp\/v2\/types\/page"}],"author":[{"embeddable":true,"href":"https:\/\/parafiacelestynow.pl\/index.php?rest_route=\/wp\/v2\/users\/2"}],"replies":[{"embeddable":true,"href":"https:\/\/parafiacelestynow.pl\/index.php?rest_route=%2Fwp%2Fv2%2Fcomments&post=249"}],"version-history":[{"count":6,"href":"https:\/\/parafiacelestynow.pl\/index.php?rest_route=\/wp\/v2\/pages\/249\/revisions"}],"predecessor-version":[{"id":745,"href":"https:\/\/parafiacelestynow.pl\/index.php?rest_route=\/wp\/v2\/pages\/249\/revisions\/745"}],"wp:attachment":[{"href":"https:\/\/parafiacelestynow.pl\/index.php?rest_route=%2Fwp%2Fv2%2Fmedia&parent=249"}],"curies":[{"name":"wp","href":"https:\/\/api.w.org\/{rel}","templated":true}]}}