{"id":38,"date":"2021-12-02T18:28:36","date_gmt":"2021-12-02T17:28:36","guid":{"rendered":"http:\/\/parafiacelestynow.pl\/www\/?page_id=38"},"modified":"2022-02-24T21:42:45","modified_gmt":"2022-02-24T20:42:45","slug":"historia_parafii","status":"publish","type":"page","link":"https:\/\/parafiacelestynow.pl\/?page_id=38","title":{"rendered":"Historia parafii"},"content":{"rendered":"<h2 style=\"text-align:center\">Historia parafii<\/h2>\n<p style=\"text-align:justify\">\nBogaty drzewostan las\u00f3w, czyste powietrze i obecno\u015b\u0107 dzikiej zwierzyny zrodzi\u0142y w umys\u0142ach mieszka\u0144c\u00f3w Warszawy ide\u0119 stworzenia osiedla letniskowego w pobli\u017cu stolicy.\u00a0 Dogodnym miejscem okaza\u0142a si\u0119 okolica stacji kolejowej Celestyn\u00f3w. Szybko zauwa\u017cono, \u017ce zbyt du\u017ca odleg\u0142o\u015b\u0107 do ko\u015bcio\u0142a w Ko\u0142bieli pozbawia\u0142a wczasowicz\u00f3w, jak i\u00a0 miejscow\u0105 ludno\u015b\u0107, pe\u0142nego uczestnictwa w \u017cyciu Ko\u015bcio\u0142a oraz wyznawania swej wiary. W roku 1927 przyst\u0105piono do budowy drewnianej kaplicy, kt\u00f3r\u0105 po\u015bwi\u0119ci\u0142 17 lipca\u00a0 tego\u017c rokuks. Piotr G\u00f3rski \u2013 proboszcz z Ko\u0142bieli. Pierwszym kap\u0142anem, kt\u00f3ry przyje\u017cd\u017ca\u0142 do Celestynowa na niedziele i wi\u0119ksze \u015bwi\u0119ta, by\u0142 student z diecezji sandomierskiej ks. Stanis\u0142aw Rostowski.<\/p>\n<p style=\"text-align:justify\">\nDosy\u0107 szybko zawi\u0105za\u0142 si\u0119 spo\u0142eczny komitet budowy nowej murowanej \u015bwi\u0105tyni pod przewodnictwem p. Stefana Jankowskiego, syna s\u0142awnego profesora Edmunda\u00a0 Jankowskiego \u2013 w\u0142a\u015bciciela maj\u0105tku Skarbonka (dzi\u015b na terenie wsi Lasek) i organizatora szko\u0142y ogrodniczej w Celestynowie. Pod koniec lata 1929 roku dekretem ks.\u00a0 Kardyna\u0142a Aleksandra Kakowskiego, \u00f3wczesnego Metropolity Warszawskiego, zosta\u0142a erygowana parafia w Celestynowie, w dekanacie praskim. Rok p\u00f3\u017aniej, 10 lutego 1930\u00a0 roku, b\u0142. ks. Ignacy K\u0142opotowski na mocy dekretu Ojca \u015awi\u0119tego Piusa XII og\u0142osi\u0142 przynale\u017cno\u015b\u0107 wsi Regut i Tabor, z diecezji podlaskiej, do parafii Wniebowzi\u0119cia NMP w\u00a0 Celestynowie, w archidiecezji warszawskiej. W 1930 roku, dzi\u0119ki pomocy materialnej prof. Edmunda Jankowskiego oraz wysi\u0142kiem wszystkich parafian, przyst\u0105piono do budowy murowanego ko\u015bcio\u0142a oraz wyko\u0144czono wcze\u015bniej wybudowan\u0105 plebani\u0119, w kt\u00f3rej m\u00f3g\u0142 na sta\u0142e zamieszka\u0107 kap\u0142an. Pierwszym administratorem \u2013 proboszczem\u00a0 parafii w Celestynowie zosta\u0142 mianowany ks. Anatol Sa\u0142aga. Dnia 12 X 1930 r. ks. bp Stanis\u0142aw Gall, sufragan warszawski, po\u015bwi\u0119ci\u0142 kamie\u0144 w\u0119gielny, za\u015b w grudniu tego\u00a0 roku ko\u015bci\u00f3\u0142 zasklepiono i dach \u015bwi\u0105tyni pokryto dach\u00f3wk\u0105.<\/p>\n<p style=\"text-align:justify\">\nDnia 3 II 1932 roku parafi\u0119 w Celestynowie przejmuje nowy proboszcz \u2013 ks. Jan Maciejewski. Za jego administrowania przy pomocy parafian oraz Komitetu Spo\u0142ecznego,\u00a0 dnia 30 X 1932 r. w Uroczysto\u015b\u0107 Chrystusa Kr\u00f3la Wszech\u015bwiata, odby\u0142o si\u0119 po\u015bwi\u0119cenie ko\u015bcio\u0142a, kt\u00f3rego dokona\u0142 ks. bp Stanis\u0142aw Gall. Naj\u015bwi\u0119tszy Sakrament przeniesiono\u00a0 kaplicy drewnianej do nowego ko\u015bcio\u0142a. Z czasem w kaplicy urz\u0105dzono dom katolicki i scen\u0119 teatraln\u0105.<\/p>\n<p style=\"text-align:justify\">\nKolejnym proboszczem parafii, kt\u00f3ry obj\u0105\u0142 plac\u00f3wk\u0119 28 VI 1935 roku, by\u0142 ks. Eugeniusz Banasiewicz. Liczba wiernych w parafii liczy\u0142a w\u00f3wczas oko\u0142o 1800 os\u00f3b. W roku 1936 wzniesiono wielki o\u0142tarz z drzewa d\u0119bowego, wed\u0142ug projektu Piotra Razego. Sumptem pani Leokadii Gajowniczek zrodzi\u0142a si\u0119 sposobno\u015b\u0107 umieszczenia w tym\u017ce o\u0142tarzu obrazu olejnego przedstawiaj\u0105cego patronk\u0119 parafii w Celestynowie \u2013 Naj\u015bwi\u0119tsz\u0105 Maryj\u0119 Pann\u0119 Wniebowzi\u0119t\u0105, kt\u00f3ry namalowa\u0142 o. Jan J\u0119drzejczak z zakonu\u00a0 Paulin\u00f3w na Jasnej G\u00f3rze. Dnia 19 XII 1938 roku zmar\u0142 prof. Edmund Jankowski \u2013 g\u0142\u00f3wny fundator \u015bwi\u0105tyni celestynowskiej i wielki spo\u0142ecznik, odznaczony medalem\u00a0 papieskim \u201ePro Ecclesia et Pontifice\u201d. Ukoronowaniem budowy ko\u015bcio\u0142a i stabilizacji \u017cycia parafialnego by\u0142a konsekracja \u015bwi\u0105tyni (ca\u0142kowite oddanie Panu Bogu \u201ena w\u0142asno\u015b\u0107\u201d; namaszczenie \u015bcian olejem Krzy\u017cma \u015awi\u0119tego) przez ks. bp. Stanis\u0142awa Galla, w dniu 14 VI 1939 roku. Biskup Gall by\u0142 w\u00f3wczas wikariuszem generalnym\u00a0 Archidiecezji Warszawskiej, osieroconej po \u015bmierci ks. kard. Aleksandra Kakowskiego, kt\u00f3ry mia\u0142 zamiar osobi\u015bcie dokona\u0107 konsekracji ko\u015bcio\u0142a w Celestynowie.<\/p>\n<p style=\"text-align:justify\">\nDnia 16 V 1946 r. proboszczem w Celestynowie zostaje ks. Marian Dembowski. Jednym z zewn\u0119trznych znak\u00f3w jego bytno\u015bci w Celestynowie jest namalowany obraz\u00a0 Naj\u015bwi\u0119tszego Serca Pana Jezusa, umieszczony w prezbiterium na bocznej \u015bcianie. Ks. Dembowski by\u0142 z zami\u0142owania artyst\u0105 \u2013 malarzem, szczeg\u00f3lnie dba\u0142 o estetyczny wygl\u0105d ko\u015bcio\u0142a.<\/p>\n<p style=\"text-align:justify\">\nNast\u0119pnym proboszczem, kt\u00f3ry otrzyma\u0142 dekret obj\u0119cia parafii w Celestynowie od 20 VIII 1964 roku, by\u0142 ks. J\u00f3zef P\u0142udowski. Podczas jego \u201eproboszczowania\u201d, dnia 14 VI 1966 roku, do Celestynowa przyby\u0142 Prymas Tysi\u0105clecia, ks. kard. Stefan Wyszy\u0144ski, aby konsekrowa\u0107 zakupione do ko\u015bcio\u0142a dzwony. Dzwonom nadano nast\u0119puj\u0105ce imiona:\u00a0 \u201eMaryja\u201d, \u201eJ\u00f3zef\u201d, \u201eAndrzej Bobola\u201d. Prymas Polski, w\u015br\u00f3d nieko\u0144cz\u0105cych si\u0119 owacji, m\u00f3wi\u0142 o Soborze Watyka\u0144skim II, gor\u0105co zach\u0119caj\u0105c zgromadzonych licznie parafian do wytrwania w \u201ewierze Ojc\u00f3w\u201d. Zas\u0142ug\u0105 ks. P\u0142udowskiego jest r\u00f3wnie\u017c budowa czternasto g\u0142osowych organ\u00f3w, kt\u00f3re wykona\u0142 mgr W\u0142odzimierz Truszczy\u0144ski z Warszawy. Organy po raz pierwszy u\u015bwietni\u0142y liturgi\u0119 na Mszy \u015awi\u0119tej we wrze\u015bniu 1968 roku.<\/p>\n<p style=\"text-align:justify\">\nKolejnym proboszczem, kt\u00f3ry jak dot\u0105d najd\u0142u\u017cej przebywa\u0142 w Celestynowie (22 lata), by\u0142 ks. Eugeniusz Borecki. Zosta\u0142 mianowany dnia 1 XI 1972 roku. Z wielkim zapa\u0142em\u00a0 przyst\u0105pi\u0142 do budowy wie\u017cy ko\u015bcielnej, w kt\u00f3rej umieszczono trzy dzwony. We wrze\u015bniu 1977 roku otynkowano fasad\u0119 budynku ko\u015bcio\u0142a, dzi\u0119ki czemu nabra\u0142 on kszta\u0142t\u00f3w znanych dzisiaj. Z czasem na nowo ogrodzono teren tzw. cmentarza przyko\u015bcielnego. W czerwcu 1994 roku, przy znacznym wysi\u0142ku Spo\u0142ecznego Komitetu przy ko\u015bciele w Celestynowie, wymieniono pokrycie dachowe na ko\u015bciele, z dach\u00f3wki na blach\u0119 miedzian\u0105. W drugiej po\u0142owie 1994 roku ks. Eugeniusz Borecki przeszed\u0142 na emerytur\u0119.<\/p>\n<p style=\"text-align:justify\">\nNowego proboszcza mianowa\u0142 ks. bp Kazimierz Romaniuk. Zosta\u0142 nim ks. kan. Janusz Ku\u015bmierczyk. Za jego \u201erz\u0105d\u00f3w\u201d odnowiono ko\u015bci\u00f3\u0142, dokonano generalnego remontu\u00a0 d\u0119bowego o\u0142tarza. Ks. Ku\u015bmierczyk po d\u0142ugim zmaganiu z chorob\u0105 nowotworow\u0105 zmar\u0142 6 czerwca 1997 r. Doczesne szcz\u0105tki ks. Ku\u015bmierczyka spocz\u0119\u0142y w kaplicy\u00a0 wybudowanej na cmentarzu parafialnym.<\/p>\n<p style=\"text-align:justify\">\nNowym proboszczem parafii zosta\u0142 ks. kan. Edward Kowara. W ko\u015bciele wymieniono w\u00f3wczas posadzk\u0119 na marmurow\u0105. W 1998 na wizytacj\u0119 kanoniczn\u0105 przyby\u0142 ks. bp Kazimierz Romaniuk. W tym czasie zmar\u0142 te\u017c ks. Eugeniusz Borecki, kt\u00f3ry zosta\u0142 pochowany w kaplicy na cmentarzu.<\/p>\n<p style=\"text-align:justify\">\nW 2000 r. ks. Kowara zosta\u0142 odwo\u0142any, a na jego miejsce ordynariusz powo\u0142a\u0142 ksi\u0119dza Krzysztofa Czy\u017cyka. W trakcie \u201eproboszczowania\u201d dokonano wymiany drewnianej\u00a0 mensy o\u0142tarzowej na marmurow\u0105, zakupiono r\u00f3wnie\u017c now\u0105 ambonk\u0119, chrzcielnic\u0119, meble do prezbiterium. Zamontowano nowe obrazy przedstawiaj\u0105ce Drog\u0119 Krzy\u017cow\u0105, a\u00a0 na zewn\u0105trz powsta\u0142a Droga Krzy\u017cowa w plenerze. Doko\u0144czono remont plebani, rozpocz\u0119ty jeszcze za ks. Kowary. Teren wok\u00f3\u0142 ko\u015bcio\u0142a pokryto nowoczesn\u0105 kostk\u0105 brukow\u0105. W 2002 na wizytacj\u0119 kanoniczn\u0105 przyby\u0142 bp Stanis\u0142aw K\u0119dziora. W 2004 obchodzono jubileusz 75-lecia istnienia parafii. Na zako\u0144czenie obchod\u00f3w 10 X 2004 do Celestynowa przyjecha\u0142 ordynariusz, abp S\u0142awoj Leszek G\u0142\u00f3d\u017a.<\/p>\n<p style=\"text-align:justify\">\nW czerwcu 2006 ks. abp S\u0142awoj Leszek G\u0142\u00f3d\u017a odwo\u0142a\u0142 z funkcji proboszcza naszej parafii ks. Czy\u017cyka, a na jego miejsce powo\u0142a\u0142 ks. Stanis\u0142awa Wawrzyniaka. W czasie jego\u00a0 pobytu w parafii zakupiono projektor i komputer do wy\u015bwietlania tekst\u00f3w mszalnych. Dokonano gruntownego remontu organ\u00f3w przez warsztat Piotra Dudy z Izabelina k\/W-wy. \u015aciany w prezbiterium poddano malowaniu. Cmentarz zosta\u0142 przed\u0142u\u017cony i ogrodzony p\u0142ytami betonowymi. Zakupiono agregat pr\u0105dotw\u00f3rczy. W 2007 roku\u00a0 wsp\u00f3lnota parafialna prze\u017cywa\u0142a Misje \u015awi\u0119te prowadzone przez Misjonarzy \u015awi\u0119tej Rodziny, pami\u0105tk\u0105 z tego wydarzenia jest ikona \u015awi\u0119tej Rodziny.<\/p>\n<p style=\"text-align:justify\">\nOd sierpnia 2010 roku proboszczem parafii z nominacji ks. abp. Henryka Hosera SAC jest ks. Miros\u0142aw Wasiak. W czasie trwaj\u0105cego proboszczowania w pierwszych latach\u00a0 po\u0142o\u017cono kostk\u0119 brukow\u0105 na ca\u0142ym cmentarzu, odnowiono kaplic\u0119 cmentarn\u0105 i ogrodzenie cmentarza. Nast\u0119pnie wykonano drena\u017c i odprowadzenie wody deszczowej z\u00a0 budynku plebanii i ko\u015bcio\u0142a do pobliskiego stawu, monta\u017c nowych rynien na ko\u015bciele i zap\u00f3r \u015bniegowych oraz budowa nowego pomieszczenia gospodarczego. W kolejnych latach wykonano wentylacj\u0119 i wymian\u0119 ogrzewania w ko\u015bciele, renowacj\u0119 \u017cyrandoli i zakupiono jeden nowy. Przed\u0142u\u017cono tak\u017ce parking dla samochod\u00f3w przy ko\u015bciele. Prace obj\u0119\u0142y r\u00f3wnie\u017c przebudow\u0119 ch\u00f3ru, remont i konserwacj\u0119 organ\u00f3w. Wymiana okien w ko\u015bciele, wstawienie witra\u017cy z wizerunkami \u015bwi\u0119tych i malowanie ko\u015bcio\u0142a wewn\u0105trz, to\u00a0 kolejne dokonane inwestycje. Do ko\u015bcio\u0142a wr\u00f3ci\u0142y odnowione stacje drogi krzy\u017cowej. W 2016 roku zosta\u0142y wykonane drewniane nastawy o\u0142tarzowe boczne (kiedy\u015b istniej\u0105ce)\u00a0 i renowacja nastawy o\u0142tarzowej g\u0142\u00f3wnej w prezbiterium. W kolejnym roku nast\u0105pi\u0142o malowanie elewacji zewn\u0119trznej ko\u015bcio\u0142a, wykonanie drzwi wej\u015bciowych metalowych,\u00a0 remont wn\u0119trza plebani oraz zakup nowego ekranu do wy\u015bwietlania tekst\u00f3w mszalnych w ko\u015bciele. Nast\u0119pnie prace obj\u0119\u0142y po\u0142o\u017cenie nowej posadzki granitowej w ko\u015bciele,\u00a0 odnowienie zakrystii i wstawienie nowych mebli. Wykonano nowe \u0142awki wolnostoj\u0105ce i wisz\u0105ce na \u015bcianach oraz kl\u0119czniki. Dokonano generalnego remontu ogrodzenia\u00a0 terenu przyko\u015bcielnego, renowacji wie\u017cyczki na dachu ko\u015bcio\u0142a i budynk\u00f3w gospodarczych, postawiono nowe ogrodzenie budynk\u00f3w parafialnych i po\u0142o\u017cono kostk\u0119 brukow\u0105. W 2021 roku przyst\u0105piono do budowy nowej drogi r\u00f3\u017ca\u0144cowej z o\u015bwietleniem elektrycznym. W tym samym roku na pro\u015bb\u0119 rodziny i za zgod\u0105 ordynariusza diecezji warszawsko-praskiej ks. bp Romualda Kami\u0144skiego szcz\u0105tki ks. Janusza Ku\u015bmierczyka zosta\u0142y ekshumowane na cmentarz parafialny w Koby\u0142ce.<\/p>\n","protected":false},"excerpt":{"rendered":"<p>Historia parafii Bogaty drzewostan las\u00f3w, czyste powietrze i obecno\u015b\u0107 dzikiej zwierzyny zrodzi\u0142y w umys\u0142ach mieszka\u0144c\u00f3w Warszawy ide\u0119 stworzenia osiedla letniskowego w pobli\u017cu stolicy.\u00a0 Dogodnym miejscem okaza\u0142a si\u0119 okolica stacji kolejowej Celestyn\u00f3w. Szybko zauwa\u017cono, \u017ce zbyt du\u017ca odleg\u0142o\u015b\u0107 do ko\u015bcio\u0142a w Ko\u0142bieli pozbawia\u0142a wczasowicz\u00f3w, jak i\u00a0 miejscow\u0105 ludno\u015b\u0107, pe\u0142nego uczestnictwa w \u017cyciu Ko\u015bcio\u0142a oraz wyznawania swej [&hellip;]<\/p>\n","protected":false},"author":2,"featured_media":0,"parent":0,"menu_order":0,"comment_status":"closed","ping_status":"closed","template":"","meta":{"_expiration-date-status":"","_expiration-date":0,"_expiration-date-type":"","_expiration-date-categories":[],"_expiration-date-options":[],"footnotes":""},"class_list":["post-38","page","type-page","status-publish","hentry"],"_links":{"self":[{"href":"https:\/\/parafiacelestynow.pl\/index.php?rest_route=\/wp\/v2\/pages\/38","targetHints":{"allow":["GET"]}}],"collection":[{"href":"https:\/\/parafiacelestynow.pl\/index.php?rest_route=\/wp\/v2\/pages"}],"about":[{"href":"https:\/\/parafiacelestynow.pl\/index.php?rest_route=\/wp\/v2\/types\/page"}],"author":[{"embeddable":true,"href":"https:\/\/parafiacelestynow.pl\/index.php?rest_route=\/wp\/v2\/users\/2"}],"replies":[{"embeddable":true,"href":"https:\/\/parafiacelestynow.pl\/index.php?rest_route=%2Fwp%2Fv2%2Fcomments&post=38"}],"version-history":[{"count":18,"href":"https:\/\/parafiacelestynow.pl\/index.php?rest_route=\/wp\/v2\/pages\/38\/revisions"}],"predecessor-version":[{"id":875,"href":"https:\/\/parafiacelestynow.pl\/index.php?rest_route=\/wp\/v2\/pages\/38\/revisions\/875"}],"wp:attachment":[{"href":"https:\/\/parafiacelestynow.pl\/index.php?rest_route=%2Fwp%2Fv2%2Fmedia&parent=38"}],"curies":[{"name":"wp","href":"https:\/\/api.w.org\/{rel}","templated":true}]}}