{"id":83,"date":"2022-09-10T19:31:57","date_gmt":"2022-09-10T17:31:57","guid":{"rendered":"http:\/\/parafiacelestynow.pl\/www\/?page_id=83"},"modified":"2026-05-04T19:22:48","modified_gmt":"2026-05-04T17:22:48","slug":"intencje-mszalne","status":"publish","type":"page","link":"https:\/\/parafiacelestynow.pl\/?page_id=83","title":{"rendered":"Intencje mszalne"},"content":{"rendered":"<h2 style=\"text-align: center;\">IV Tydzie\u0144 Wielkanocy<\/h2>\n<h2 style=\"text-align: center;\">26.04.\u201302.05.2026<\/h2>\n<p>&nbsp;<\/p>\n<table>\n<tbody>\n<tr>\n<td colspan=\"2\"><strong>03.05. 2026 V Niedziela Wielkanocy<\/strong><\/td>\n<\/tr>\n<tr>\n<td width=\"25%\">7:00<\/td>\n<td style=\"text-align: left;\" width=\"75%\">+Zofi\u0119 Przybysz w 5 r. \u015bm<\/td>\n<\/tr>\n<tr>\n<td width=\"25%\">8:30<\/td>\n<td style=\"text-align: left;\" width=\"75%\">+Stanis\u0142aw\u0119 i Stanis\u0142awa Jankowskich i zm. z C.R. Jankowskich<\/td>\n<\/tr>\n<tr>\n<td width=\"25%\">10:00<\/td>\n<td style=\"text-align: left;\" width=\"75%\">+Stanis\u0142aw\u0119 i Helen\u0119 i zm. z C.R. Drzewoszewskich, Stachyr\u00f3w i Ogrodnik\u00f3w<\/td>\n<\/tr>\n<tr>\n<td width=\"25%\">11:30<\/td>\n<td style=\"text-align: left;\" width=\"75%\"><strong>Zbiorowa:<\/strong><br \/>\n<span style='display:inline;'><input type='hidden' bg_collapse_expand='69fb2b57949341046324821' value='69fb2b57949341046324821'><input type='hidden' id='bg-show-more-text-69fb2b57949341046324821' value='Poka\u017c intencje mszalne'><input type='hidden' id='bg-show-less-text-69fb2b57949341046324821' value='Ukryj intencje'><a id='bg-showmore-action-69fb2b57949341046324821' class='bg-showmore-plg-link  '  style=\" color:#4a4949;\" href='#'>Poka\u017c intencje mszalne<\/a><span id='bg-showmore-hidden-69fb2b57949341046324821' ><br \/>\nDzi\u0119kczynna z pro\u015bb\u0105 o b\u0142og. Bo\u017ce i opiek\u0119 MB:<br \/>\n\u2026 dla OJCZYZNY<br \/>\n\u2026 dla ch\u00f3ru Caelestis, Opiekuna i ich rodzin<br \/>\n\u2026 dla Violetty, Moniki i C.R.<br \/>\n\u2026 dla C.R. Szostak\u00f3w, Ros\u0142o\u0144c\u00f3w, Laskus\u00f3w, Filipowicz\u00f3w, Mazk\u00f3w (do 27.12)<\/p>\n<p>+ Ryszarda Smolaka w 7 r. \u015bm i Jana Smolaka.<br \/>\n+ Cecyli\u0119 i Tadeusza Was\u0105\u017cnik\u00f3w, Stanis\u0142awa Szostaka, zm. z C.R. Szostak\u00f3w Grzegrz\u00f3\u0142k\u00f3w, Was\u0105\u017cnik\u00f3w i Lusaw\u00f3w, Filipowicz\u00f3w, Laskus\u00f3w i Skoczk\u00f3w (do 27.12.2026)<br \/>\n+ Stanis\u0142awa B\u0105ka (do 27.12.2026)<br \/>\n+ Barbar\u0119 Ciborek (22.02\u201327.12)<br \/>\n+ Henryka Adamczyka (Magdaleny i Przemys\u0142awa Zag\u00f3rskich i K.D. K \u015bw. M. Magdaleny) 3 i 10.05<br \/>\n+ Mariann\u0119 Lub\u0119 (20.04-28.12)<br \/>\n+ Stanis\u0142awa Trzpila (8.02\u201314.06 (od syna i K. D. K. \u015bw. Faustyny)<br \/>\n+ Leszka Lasyka (od wnuk\u00f3w)<br \/>\n+ Stanis\u0142aw\u0119 Szemraj (m-c po \u015bmierci)<br \/>\n+Jadwig\u0119- Mariann\u0119 G\u0105siewsk\u0105 (m-c po \u015bmierci)<br \/>\n+Patryka Piekarskiego (m-c po \u015bmierci)<\/p>\n<p><span style=\"font-family: inherit; font-size: inherit;\"><\/span><\/span><\/span><\/td>\n<\/tr>\n<tr>\n<td width=\"25%\">13:00 REGUT<\/td>\n<td style=\"text-align: left;\" width=\"75%\">Dzi\u0119kczynna z pro\u015bb\u0105 o b\u0142og. Bo\u017ce i opiek\u0119 MB dla Ann\u0119 i Adama Cherubin\u00f3w w 50 r. \u015bl. i za C.R.<\/td>\n<\/tr>\n<tr>\n<td width=\"25%\">18:00<\/td>\n<td style=\"text-align: left;\" width=\"75%\">+Mariann\u0119 Czarneck\u0105 (od K.\u017b.R. \u015bw. Dominika)<\/td>\n<\/tr>\n<tr>\n<td colspan=\"2\"><strong>04.05 Poniedzia\u0142ek<\/strong><\/td>\n<\/tr>\n<tr>\n<td width=\"25%\">6:45<\/td>\n<td style=\"text-align: left;\" width=\"75%\">+Rodzic\u00f3w Zofi\u0119 i Stanis\u0142awa Golbiak\u00f3w i dziadk\u00f3w Doma\u0144skich i Golbiak\u00f3w<\/td>\n<\/tr>\n<tr>\n<td width=\"25%\">6:45<\/td>\n<td style=\"text-align: left;\" width=\"75%\">+Janin\u0119, Stanis\u0142awa, Wies\u0142awa, Genowef\u0119, Stanis\u0142awa Dadas\u00f3w; Aleksandr\u0119 i Antoniego Sosnowskich; Zofi\u0119 i Franciszka Zieli\u0144skich; Monik\u0119 Bycin\u0119<\/td>\n<\/tr>\n<tr>\n<td width=\"25%\">18:00<\/td>\n<td style=\"text-align: left;\" width=\"75%\">+Krystyn\u0119 i Henryka Szuchnik\u00f3w; Zofi\u0119 i W\u0142adys\u0142awa Przysow\u00f3w; Bronis\u0142aw\u0119 \u0106wiek<\/td>\n<\/tr>\n<tr>\n<td colspan=\"2\"><strong>05.05 Wtorek<\/strong><\/td>\n<\/tr>\n<tr>\n<td width=\"25%\">6:45<\/td>\n<td style=\"text-align: left;\" width=\"75%\">+Mariann\u0119 i Jana Komz\u00f3w; Mariann\u0119, Edwarda, Stefana Matysiak\u00f3w<\/td>\n<\/tr>\n<tr>\n<td width=\"25%\">6:45<\/td>\n<td style=\"text-align: left;\" width=\"75%\">+Ma\u0142gorzat\u0119 Wawer (int. pogrzebowa)<\/td>\n<\/tr>\n<tr>\n<td width=\"25%\">18:00<\/td>\n<td style=\"text-align: left;\" width=\"75%\">+Tadeusza, Aleksandr\u0119, W\u0142adys\u0142awa Zawad\u00f3w i zm. z C.R. Zawad\u00f3w; Piotra Ka\u0142uskiego<\/td>\n<\/tr>\n<tr>\n<td colspan=\"2\"><strong>06.05 \u015aroda \u015awi\u0119tych Aposto\u0142\u00f3w Filipa i Jakuba, \u015bwi\u0119to<\/strong><\/td>\n<\/tr>\n<tr>\n<td width=\"25%\">6:45<\/td>\n<td style=\"text-align: left;\" width=\"75%\">+Zofie Nejman<\/td>\n<\/tr>\n<tr>\n<td width=\"25%\">6:45<\/td>\n<td style=\"text-align: left;\" width=\"75%\">+Stanis\u0142awa Szel\u0105ga izm. z C.R. Szel\u0105g\u00f3w i B\u0105k\u00f3w <\/td>\n<\/tr>\n<tr>\n<td width=\"25%\">18:00<\/td>\n<td style=\"text-align: left;\" width=\"75%\"><strong>Zbiorowa:<\/strong><br \/>\n<span style='display:inline;'><input type='hidden' bg_collapse_expand='69fb2b57949d04002478365' value='69fb2b57949d04002478365'><input type='hidden' id='bg-show-more-text-69fb2b57949d04002478365' value='Poka\u017c intencje mszalne'><input type='hidden' id='bg-show-less-text-69fb2b57949d04002478365' value='Ukryj intencje'><a id='bg-showmore-action-69fb2b57949d04002478365' class='bg-showmore-plg-link  '  style=\" color:#4a4949;\" href='#'>Poka\u017c intencje mszalne<\/a><span id='bg-showmore-hidden-69fb2b57949d04002478365' ><br \/>\nZbiorowa:<br \/>\nDzi\u0119kczynna z pro\u015bb\u0105 o b\u0142og. Bo\u017ce i opiek\u0119 MB:<br \/>\n\u2026 dla rodzic\u00f3w duchowych i biologicznych i za nasze dzieci z duchowej adopcji<br \/>\n\u2026 dla Olgi i Roberta ich dzieci i za C.R.<br \/>\n\u2026 dla Sylwestra, Waldka, Ernesta, Adriana i ich rodziny<br \/>\n\u2026 Ann\u0119 i za jej C.R. oraz Micha\u0142a i Tomasza w ich nowej pracy (4.02 -26.08)<\/p>\n<p>+Jaromira Orawca (18.02\u201330.12)<br \/>\n + Paw\u0142a Zieli\u0144skiego (18.02\u201321.10)                                                                                                                                           + Ann\u0119 Korzeniewsk\u0105 (7.01\u201324.06)<br \/>\n+Tomasza Olszewskiego (25.02\u201324.06)<br \/>\n+ Krzysztofa Klocha (7.01\u20136.05)<br \/>\n+ Stanis\u0142awa Wi\u015bniewskiego (21.01\u201327.05)<br \/>\n + Adama Witaka (4.02-29.07)<br \/>\n+ Stanis\u0142awa Rutkowskiego (7.01\u201329.07)<br \/>\n + Feliksa Galasa (7.01\u201329.07)<br \/>\n+ Stanis\u0142aw\u0119 Szemraj (15.04 \u2013 15.07)<br \/>\n+ Jana Krynickiego (11.03\u201313.05)<br \/>\n+ Ma\u0142gorzat\u0119 Pyzi\u0144sk\u0105 (25.03\u201320.05)<br \/>\n+ Andrzeja Ca\u0142k\u0119 (od syna Jacka z \u017con\u0105 z rodzin\u0105)<br \/>\n+Stefani\u0119 i J\u00f3zefa Kurdej\u00f3w, Jana, Stefani\u0119, Jana Zdu\u0144czyk\u00f3w, Jaros\u0142awa Skupa<br \/>\n+ Antoniego w 1 r. \u015bm., Teres\u0119 Miernickich, Stanis\u0142aw\u0119 Wi\u0119sik, Adama Pielaka, Edyt\u0119 Babsk\u0105 i zm. z rodz. Miernickich, Kowalc\u00f3w, Wi\u0119sik\u00f3w i Matosk\u00f3w.<\/p>\n<p><\/span><\/span><\/td>\n<\/tr>\n<tr>\n<td colspan=\"2\"><strong>07.05 Czwartek<\/strong><\/td>\n<\/tr>\n<tr>\n<td width=\"25%\">6:45<\/td>\n<td style=\"text-align: left;\" width=\"75%\">+Jana Siwika w 6 r. \u015bm.<\/td>\n<\/tr>\n<tr>\n<td width=\"25%\">18:00<\/td>\n<td style=\"text-align: left;\" width=\"75%\">Za powo\u0142anych i o nowe powo\u0142ania do pracy w Winnicy Pa\u0144skiej i za wsp\u00f3lnot\u0119 modlitewn\u0105 \u201eRuch Maryjny\u201d<\/td>\n<\/tr>\n<tr>\n<td width=\"25%\">18:00<\/td>\n<td style=\"text-align: left;\" width=\"75%\">+ Stanis\u0142awa B\u0105ka i jego Rodzic\u00f3w i Dziadk\u00f3w<\/td>\n<\/tr>\n<\/tbody>\n<tbody>\n<tr>\n<td colspan=\"2\"><strong> 08.05 Pi\u0105tek<\/strong><\/td>\n<\/tr>\n<tr>\n<td width=\"25%\">6:45<\/td>\n<td style=\"text-align: left;\" width=\"75%\">+Stanis\u0142awa, W\u0142adys\u0142aw\u0119, Jana Ros\u0142o\u0144c\u00f3w; Stanis\u0142awa i Mariann\u0119 Ja\u0142och\u00f3w; i zm. z C.R. Ja\u0142och\u00f3w i Ros\u0142o\u0144c\u00f3w<\/td>\n<\/tr>\n<tr>\n<td width=\"25%\">06:45<\/td>\n<td style=\"text-align: left;\" width=\"75%\">+Stanis\u0142aw\u0119, Mariann\u0119, W\u0142adys\u0142awa Ros\u0142o\u0144c\u00f3w; Stanis\u0142awa, Genowef\u0119 Lesickich, Zofi\u0119 Zgutk\u0119<\/td>\n<\/tr>\n<tr>\n<td width=\"25%\">18:00<\/td>\n<td style=\"text-align: left;\" width=\"75%\"><strong>Zbiorowa:<\/strong><br \/>\n<span style='display:inline;'><input type='hidden' bg_collapse_expand='69fb2b5794a0e2025754494' value='69fb2b5794a0e2025754494'><input type='hidden' id='bg-show-more-text-69fb2b5794a0e2025754494' value='Poka\u017c intencje mszalne'><input type='hidden' id='bg-show-less-text-69fb2b5794a0e2025754494' value='Ukryj intencje'><a id='bg-showmore-action-69fb2b5794a0e2025754494' class='bg-showmore-plg-link  '  style=\" color:#4a4949;\" href='#'>Poka\u017c intencje mszalne<\/a><span id='bg-showmore-hidden-69fb2b5794a0e2025754494' ><br \/>\nDzi\u0119kczynna z pro\u015bb\u0105 o b\u0142og. Bo\u017ce i opiek\u0119 MB dla m\u0142odzie\u017cy oazowej z naszej parafii<br \/>\n\u2026 dla rodzin z kr\u0119g\u00f3w Domowego Ko\u015bcio\u0142a w naszej parafii i rejonu Otwock-Kresy<br \/>\n\u2026 dla cz\u0142onk\u00f3w wsp\u00f3lnoty modlitewnej Ruch Maryjny<\/p>\n<p>+ Ma\u0142gorzat\u0119 Wawer (2.01\u201325.12)<br \/>\n+ Hann\u0119 Skolmowsk\u0105 (2.01\u201325.12)<br \/>\n+ Mariana Ros\u0142o\u0144ca (2.01\u201325.12)<br \/>\n+Ew\u0119 Frelek (1.05\u201325.12)<br \/>\n+Jaromira Orawca (1.05\u201325.12)<br \/>\n+ Leszka Lasyka (17.04\u201316.10)<br \/>\n+ Henryka Adamczyka (1.05\u201325.09)<br \/>\n+ Iren\u0119 Mistewicz (13.03\u201331.07)<br \/>\n+ Krystyn\u0119 M\u0105dr\u0105 (16.01-24.07)<\/p>\n<p>+ Jadwig\u0119 G\u0105siewsk\u0105 (17.04 \u201310.07)<br \/>\n+ Jerzego Zakrzewskiego (20.02\u20133.07)<br \/>\n+ Wies\u0142aw\u0119 Klima\u0144sk\u0105 (5.12-19.06)<br \/>\n+ Wiktora Wielgosza (24.04 \u201319.06)<br \/>\n+Wiktora Wielgosza (24.04 \u2013 19.06)<br \/>\n+ Jadwig\u0119 Zawad\u0119 (17.04 \u201312.06)<br \/>\n+ Krystyn\u0119 Ros\u0142aniec (2.01\u201329.05)<br \/>\n + Andrzeja Puszk\u0119 (27.02\u201329.05)<br \/>\n+ Edwarda Jakubowskiego (28.11-15.05)<br \/>\n + Janin\u0119 i J\u00f3zefa Krup\u00f3w (6.03-15.05)<br \/>\n+Stanis\u0142aw\u0119 Szemraj (od rodz. Ochnik\u00f3w i \u0106wiek\u00f3w)<br \/>\n+Stanis\u0142awa Rutkowskiego (od zony Genowefy)<br \/>\n+Paw\u0142a Zieli\u0144skiego (od rodziny Ziubi\u0144skich)<br \/>\n+Andrzeja Ca\u0142k\u0119 (od brata Adama)      <\/p>\n<p><\/span><\/span><\/td>\n<\/tr>\n<tr>\n<td colspan=\"2\"><strong> 09.05 Sobota, <\/strong><\/td>\n<\/tr>\n<tr>\n<td width=\"25%\">6:45<\/td>\n<td style=\"text-align: left;\" width=\"75%\">+Stanis\u0142aw\u0119 Sawick\u0105 i zm. z C.R. Sawickich<\/td>\n<\/tr>\n<tr>\n<td width=\"25%\">11:00 <\/td>\n<td style=\"text-align: left;\" width=\"75%\">Dzi\u0119kczynna z pro\u015bb\u0105 o b\u0142og. Bo\u017ce i opiek\u0119 MB dla dzieci I komunijnych, rodzic\u00f3w, katechet\u00f3w, nauczycieli, wychowawc\u00f3w i ich rodziny<\/td>\n<\/tr>\n<tr>\n<td width=\"25%\">16:30<\/td>\n<td style=\"text-align: left;\" width=\"75%\">\u015alub<\/td>\n<\/tr>\n<tr>\n<td width=\"25%\">18:00<\/td>\n<td style=\"text-align: left;\" width=\"75%\">+ Mariann\u0119 w 30 r. \u015bm. oraz Jana i Mariana Gawrysi\u00f3w i zm. z C.R. Gawrysi\u00f3w i Wnuk\u00f3w <\/td>\n<\/tr>\n<tr>\n<td width=\"25%\">19:00<\/td>\n<td style=\"text-align: left;\" width=\"75%\">Za parafian<\/td>\n<\/tr>\n<\/tbody>\n<\/table>\n<p><!--more--><\/p>\n","protected":false},"excerpt":{"rendered":"<p>IV Tydzie\u0144 Wielkanocy 26.04.\u201302.05.2026 &nbsp; 03.05. 2026 V Niedziela Wielkanocy 7:00 +Zofi\u0119 Przybysz w 5 r. \u015bm 8:30 +Stanis\u0142aw\u0119 i Stanis\u0142awa Jankowskich i zm. z C.R. Jankowskich 10:00 +Stanis\u0142aw\u0119 i Helen\u0119 i zm. z C.R. Drzewoszewskich, Stachyr\u00f3w i Ogrodnik\u00f3w 11:30 Zbiorowa: 13:00 REGUT Dzi\u0119kczynna z pro\u015bb\u0105 o b\u0142og. Bo\u017ce i opiek\u0119 MB dla Ann\u0119 i [&hellip;]<\/p>\n","protected":false},"author":2,"featured_media":0,"parent":0,"menu_order":0,"comment_status":"closed","ping_status":"closed","template":"","meta":{"_expiration-date-status":"","_expiration-date":0,"_expiration-date-type":"","_expiration-date-categories":[],"_expiration-date-options":[],"footnotes":""},"class_list":["post-83","page","type-page","status-publish","hentry"],"_links":{"self":[{"href":"https:\/\/parafiacelestynow.pl\/index.php?rest_route=\/wp\/v2\/pages\/83","targetHints":{"allow":["GET"]}}],"collection":[{"href":"https:\/\/parafiacelestynow.pl\/index.php?rest_route=\/wp\/v2\/pages"}],"about":[{"href":"https:\/\/parafiacelestynow.pl\/index.php?rest_route=\/wp\/v2\/types\/page"}],"author":[{"embeddable":true,"href":"https:\/\/parafiacelestynow.pl\/index.php?rest_route=\/wp\/v2\/users\/2"}],"replies":[{"embeddable":true,"href":"https:\/\/parafiacelestynow.pl\/index.php?rest_route=%2Fwp%2Fv2%2Fcomments&post=83"}],"version-history":[{"count":415,"href":"https:\/\/parafiacelestynow.pl\/index.php?rest_route=\/wp\/v2\/pages\/83\/revisions"}],"predecessor-version":[{"id":2379,"href":"https:\/\/parafiacelestynow.pl\/index.php?rest_route=\/wp\/v2\/pages\/83\/revisions\/2379"}],"wp:attachment":[{"href":"https:\/\/parafiacelestynow.pl\/index.php?rest_route=%2Fwp%2Fv2%2Fmedia&parent=83"}],"curies":[{"name":"wp","href":"https:\/\/api.w.org\/{rel}","templated":true}]}}