{"id":833,"date":"2022-02-23T23:29:08","date_gmt":"2022-02-23T22:29:08","guid":{"rendered":"http:\/\/parafiacelestynow.pl\/www\/?page_id=833"},"modified":"2023-01-17T20:11:46","modified_gmt":"2023-01-17T19:11:46","slug":"kancelaria-2","status":"publish","type":"page","link":"https:\/\/parafiacelestynow.pl\/?page_id=833","title":{"rendered":"Kancelaria"},"content":{"rendered":"<h2 style=\"text-align:center\">Kancelaria<\/h2>\n<p>Ksi\u0119\u017ca pos\u0142uguj\u0105cy w parafii zapraszaj\u0105 do kancelarii wg poni\u017cszego harmonogramu<\/p>\n<p><center><strong>Okres zwyk\u0142y<\/strong><\/p>\n<table border=\"\">\n<tbody>\n<tr>\n<th>Dzie\u0144 tygodnia<\/th>\n<th>Godziny otwarcia<\/th>\n<\/tr>\n<tr>\n<td>Poniedzia\u0142ek<\/td>\n<td>19:00 &#8211; 20:00<\/td>\n<\/tr>\n<tr>\n<td>Wtorek<\/td>\n<td>19:00 &#8211; 20:00<\/td>\n<\/tr>\n<tr>\n<td>\u015aroda<\/td>\n<td>9:00 &#8211; 10:30<\/td>\n<\/tr>\n<tr>\n<td>Czwartek<\/td>\n<td>16:00 &#8211; 17:00<\/td>\n<\/tr>\n<tr>\n<td>Pi\u0105tek<\/td>\n<td>16:00 \u2013 17:00 (nieczynna w I pi\u0105tek m-ca)<\/td>\n<\/tr>\n<\/tbody>\n<\/table>\n<p><strong>W czasie kol\u0119dy<\/strong><\/p>\n<table border=\"\">\n<tbody>\n<tr>\n<th>Dzie\u0144 tygodnia<\/th>\n<th>Godziny otwarcia<\/th>\n<\/tr>\n<tr>\n<td>Poniedzia\u0142ek<\/td>\n<td>20:30 &#8211; 21:00<\/td>\n<\/tr>\n<tr>\n<td>Wtorek<\/td>\n<td>20:30 &#8211; 21:00<\/td>\n<\/tr>\n<tr>\n<td>\u015aroda<\/td>\n<td>9:00 &#8211; 10:30<\/td>\n<\/tr>\n<tr>\n<td>Czwartek<\/td>\n<td>nieczynna<\/td>\n<\/tr>\n<tr>\n<td>Pi\u0105tek<\/td>\n<td>nieczynna<\/td>\n<\/tr>\n<\/tbody>\n<\/table>\n<p><strong>W trakcie rekolekcji adwentowych i wielkopostnych &#8211; <span style=\"color: red;\">nieczynna<\/span><\/strong><\/center><\/p>\n<p>W sprawach pilnych prosimy o kontakt:<br \/><i class=\"fas fa-phone\"><\/i> &#8211; 797 420 319<br \/><i class=\"fas fa-at\"><\/i> &#8211; parafia.celestynow@gmail.com <\/p>\n<p><strong>Dane adresowe parafii<\/strong><br \/>Parafia Wniebowzi\u0119cia Naj\u015bwi\u0119tszej Maryi Panny <br \/>05-430 Celestyn\u00f3w, Pl. Kard. Stefana Wyszy\u0144skiego 3 <\/p>\n<p><strong>Konto parafialne:<\/strong><br \/>Bank Sp\u00f3\u0142dzielczy w Otwocku, Oddzia\u0142 w Celestynowie Numer: 34 8001 0005 2002 0011 9643 0001<\/p>\n","protected":false},"excerpt":{"rendered":"<p>Kancelaria Ksi\u0119\u017ca pos\u0142uguj\u0105cy w parafii zapraszaj\u0105 do kancelarii wg poni\u017cszego harmonogramu Okres zwyk\u0142y Dzie\u0144 tygodnia Godziny otwarcia Poniedzia\u0142ek 19:00 &#8211; 20:00 Wtorek 19:00 &#8211; 20:00 \u015aroda 9:00 &#8211; 10:30 Czwartek 16:00 &#8211; 17:00 Pi\u0105tek 16:00 \u2013 17:00 (nieczynna w I pi\u0105tek m-ca) W czasie kol\u0119dy Dzie\u0144 tygodnia Godziny otwarcia Poniedzia\u0142ek 20:30 &#8211; 21:00 Wtorek 20:30 [&hellip;]<\/p>\n","protected":false},"author":1,"featured_media":0,"parent":0,"menu_order":0,"comment_status":"closed","ping_status":"closed","template":"","meta":{"_expiration-date-status":"","_expiration-date":0,"_expiration-date-type":"","_expiration-date-categories":[],"_expiration-date-options":[],"footnotes":""},"class_list":["post-833","page","type-page","status-publish","hentry"],"_links":{"self":[{"href":"https:\/\/parafiacelestynow.pl\/index.php?rest_route=\/wp\/v2\/pages\/833","targetHints":{"allow":["GET"]}}],"collection":[{"href":"https:\/\/parafiacelestynow.pl\/index.php?rest_route=\/wp\/v2\/pages"}],"about":[{"href":"https:\/\/parafiacelestynow.pl\/index.php?rest_route=\/wp\/v2\/types\/page"}],"author":[{"embeddable":true,"href":"https:\/\/parafiacelestynow.pl\/index.php?rest_route=\/wp\/v2\/users\/1"}],"replies":[{"embeddable":true,"href":"https:\/\/parafiacelestynow.pl\/index.php?rest_route=%2Fwp%2Fv2%2Fcomments&post=833"}],"version-history":[{"count":5,"href":"https:\/\/parafiacelestynow.pl\/index.php?rest_route=\/wp\/v2\/pages\/833\/revisions"}],"predecessor-version":[{"id":1395,"href":"https:\/\/parafiacelestynow.pl\/index.php?rest_route=\/wp\/v2\/pages\/833\/revisions\/1395"}],"wp:attachment":[{"href":"https:\/\/parafiacelestynow.pl\/index.php?rest_route=%2Fwp%2Fv2%2Fmedia&parent=833"}],"curies":[{"name":"wp","href":"https:\/\/api.w.org\/{rel}","templated":true}]}}