{"id":86,"date":"2021-12-03T10:33:17","date_gmt":"2021-12-03T09:33:17","guid":{"rendered":"http:\/\/parafiacelestynow.pl\/www\/?page_id=86"},"modified":"2025-10-26T19:12:56","modified_gmt":"2025-10-26T18:12:56","slug":"o-parafii","status":"publish","type":"page","link":"https:\/\/parafiacelestynow.pl\/","title":{"rendered":"O parafii"},"content":{"rendered":"<h2 style=\"text-align: center;\"><strong>Szcz\u0119\u015b\u0107 Bo\u017ce!<\/strong><\/h2>\n<h4 style=\"text-align: center;\">Witajcie na stronie parafii Celestyn\u00f3w nale\u017c\u0105cej do dekanatu Otwock-Kresy diecezji Warszawsko-Praskiej<\/h4>\n<p style=\"text-align: justify; padding-left: 10px; padding-right: 10px;\">Cichy na co dzie\u0144 Celestyn\u00f3w, le\u017c\u0105cy w urokliwym obszarze Mazowieckiego Parku Krajobrazowego, bez w\u0105tpienia posiada na swoim terenie pere\u0142k\u0119. Jest ni\u0105 wsp\u00f3lnota os\u00f3b wierz\u0105cych z kap\u0142anami: proboszczem ks. Miros\u0142awem Wasiakiem, wikariuszem ks. Piotrem Talarkiem oraz ks. Janem Balickim , kt\u00f3ry pomaga duszpastersko.<br \/>\nKsi\u0105dz proboszcz pe\u0142ni pos\u0142ug\u0119 w naszej parafii od sierpnia 2010 roku. Przez te lata swoj\u0105 pos\u0142ug\u0105 zaskarbi\u0142 sobie w\u015br\u00f3d wiernych niekwestionowany szacunek i uznanie. W sierpniu 2025 roku do\u0142\u0105czy\u0142 ks. Piotr. Wspomniani kap\u0142ani s\u0105 organizatorami pog\u0142\u0119bionego \u017cycia duchowego w naszej parafii. To w\u0142a\u015bnie dzi\u0119ki nim tak pr\u0119\u017cnie rozwijaj\u0105 si\u0119 r\u00f3\u017cne wsp\u00f3lnoty wiernych (<a href=\"http:\/\/parafiacelestynow.pl\/www\/wspolnoty-2\/\">kliknij tu po wi\u0119cej informacji<\/a>) oraz mo\u017cna korzysta\u0107 z wielo\u015bci i bogactw nabo\u017ce\u0144stw (<a href=\"http:\/\/parafiacelestynow.pl\/www\/nabozenstwa\">kliknij tu po wi\u0119cej informacji<\/a>).<\/p>\n<p style=\"text-align: justify; padding-left: 10px; padding-right: 10px;\"><div class='white' style='background:#fafafa; border:solid 1px #f0f0f0; border-radius:5px; padding:8px 8px 8px 8px;'>\n<div id='cytaty' class='owl-carousel sa_owl_theme autohide-arrows' data-slider-id='cytaty' style='visibility:hidden;'>\n<div id='cytaty_slide09' class='sa_hover_container' style='padding:5% 5%; margin:0px 0%; background-color:rgb(255, 255, 255); '><div style=\"text-align: justify; padding-bottom: 10px;\">\r\n<strong>Niech wasz\u0105 ozdob\u0105 nie b\u0119dzie to, co zewn\u0119trzne: zaplatanie w\u0142os\u00f3w, ob\u0142o\u017cenie si\u0119 z\u0142otem lub strojenie w szaty; Lecz ukryty, wewn\u0119trzny cz\u0142owiek w niezniszczalnej ozdobie \u0142agodno\u015bci i spokoju ducha, kt\u00f3ry jest cenny w oczach Boga.<\/strong>\r\n<div style=\"text-align: right; padding-bottom: 10px;\">1 P 3,3-4<\/div>\r\n<\/div><\/div>\n<div id='cytaty_slide04' class='sa_hover_container' style='padding:5% 5%; margin:0px 0%; background-color:rgb(255, 255, 255); '><div style=\"text-align: justify; padding-bottom: 10px;\">\r\n<strong>Trawa usycha, kwiat wi\u0119dnie,\r\nale s\u0142owo naszego Boga trwa na wieki.<\/strong>\r\n<div style=\"text-align: right; padding-bottom: 10px;\">Iz 40,8<\/div>\r\n<\/div><\/div>\n<div id='cytaty_slide08' class='sa_hover_container' style='padding:5% 5%; margin:0px 0%; background-color:rgb(255, 255, 255); '><div style=\"text-align: justify; padding-bottom: 10px;\">\r\n<strong>Ty bowiem panujesz nad moimi nerkami;\r\nokry\u0142e\u015b mnie w \u0142onie mojej matki.\r\nWys\u0142awiam ci\u0119, bo zosta\u0142em stworzony\r\nw spos\u00f3b zadziwiaj\u0105cy i cudowny;\r\nprzedziwne s\u0105 twoje dzie\u0142a,\r\na moja dusza zna je bardzo dobrze.<\/strong>\r\n<div style=\"text-align: right; padding-bottom: 10px;\">Ps 139,13-14<\/div>\r\n<\/div><\/div>\n<div id='cytaty_slide01' class='sa_hover_container' style='padding:5% 5%; margin:0px 0%; background-color:rgb(255, 255, 255); '><div style=\"text-align: justify; padding-bottom: 10px;\"><strong>Ca\u0142a jeste\u015b pi\u0119kna, moja umi\u0142owana,\r\ni nie ma w tobie \u017cadnej skazy.<\/strong>\r\n<div style=\"text-align: right; padding-bottom: 10px;\">Pnp 4,7<\/div>\r\n<\/div><\/div>\n<div id='cytaty_slide07' class='sa_hover_container' style='padding:5% 5%; margin:0px 0%; background-color:rgb(255, 255, 255); '><div style=\"text-align: justify; padding-bottom: 10px;\">\r\n<strong>Dlatego m\u00f3wi\u0119 wam: Nie troszczcie si\u0119 o wasze \u017cycie, co b\u0119dziecie je\u015b\u0107 albo co b\u0119dziecie pi\u0107, ani o wasze cia\u0142o, w co b\u0119dziecie si\u0119 ubiera\u0107. Czy\u017c \u017cycie nie jest czym\u015b wi\u0119cej ni\u017c pokarm, a cia\u0142o ni\u017c ubranie?<\/strong>\r\n<div style=\"text-align: right; padding-bottom: 10px;\">Mt 6,25<\/div>\r\n<\/div><\/div>\n<div id='cytaty_slide10' class='sa_hover_container' style='padding:5% 5%; margin:0px 0%; background-color:rgb(255, 255, 255); '><div style=\"text-align: justify; padding-bottom: 10px;\">\r\n<strong>\u201eM\u0119\u017cowie mi\u0142ujcie \u017cony, bo i Chrystus umi\u0142owa\u0142 Ko\u015bci\u00f3\u0142 i wyda\u0142 za niego samego siebie, aby go u\u015bwi\u0119ci\u0107, oczy\u015bciwszy obmyciem wod\u0105, kt\u00f3remu towarzyszy s\u0142owo, aby osobi\u015bcie stawi\u0107 przed sob\u0105 Ko\u015bci\u00f3\u0142 jako chwalebny, niemaj\u0105cy skazy czy zmarszczki, czy czego\u015b podobnego, lecz aby by\u0142 \u015bwi\u0119ty i nieskalany. M\u0119\u017cowie powinni mi\u0142owa\u0107 swoje \u017cony, tak jak w\u0142asne cia\u0142o. Kto mi\u0142uje swoj\u0105 \u017con\u0119, siebie samego mi\u0142uje. Przecie\u017c nigdy nikt nie odnosi\u0142 si\u0119 z nienawi\u015bci\u0105 do w\u0142asnego cia\u0142a, lecz ka\u017cdy je \u017cywi i piel\u0119gnuje, jak i Chrystus \u2013 Ko\u015bci\u00f3\u0142, bo jeste\u015bmy cz\u0142onkami Jego Cia\u0142a. Dlatego opu\u015bci cz\u0142owiek ojca i matk\u0119, a po\u0142\u0105czy si\u0119 z \u017con\u0105 swoj\u0105, i b\u0119d\u0105 dwoje jednym cia\u0142em. Tajemnica to wielka, a ja m\u00f3wi\u0119: w odniesieniu do Chrystusa i do Ko\u015bcio\u0142a. W ko\u0144cu wi\u0119c niechaj tak\u017ce ka\u017cdy z was tak mi\u0142uje sw\u0105 \u017con\u0119 jak siebie samego!\u201d<\/strong>\r\n<div style=\"text-align: right; padding-bottom: 10px;\">Efez 5:25-33<\/div>\r\n<\/div><\/div>\n<div id='cytaty_slide06' class='sa_hover_container' style='padding:5% 5%; margin:0px 0%; background-color:rgb(255, 255, 255); '><div style=\"text-align: justify; padding-bottom: 10px;\">\r\n<strong>Stworzy\u0142 wi\u0119c B\u00f3g cz\u0142owieka na sw\u00f3j obraz, na obraz Boga go stworzy\u0142;\r\nstworzy\u0142 ich m\u0119\u017cczyzn\u0105 i kobiet\u0105.<\/strong>\r\n<div style=\"text-align: right; padding-bottom: 10px;\">Rdz 1,27<\/div>\r\n<\/div><\/div>\n<div id='cytaty_slide03' class='sa_hover_container' style='padding:5% 5%; margin:0px 0%; background-color:rgb(255, 255, 255); '><div style=\"text-align: justify; padding-bottom: 10px;\">\r\n<strong>Dlatego nie zniech\u0119camy si\u0119, bo chocia\u017c nasz zewn\u0119trzny cz\u0142owiek niszczeje, to jednak ten wewn\u0119trzny odnawia si\u0119 z dnia na dzie\u0144.<\/strong>\r\n<div style=\"text-align: right; padding-bottom: 10px;\">2 Kor 4,16<\/div>\r\n<\/div><\/div>\n<div id='cytaty_slide02' class='sa_hover_container' style='padding:5% 5%; margin:0px 0%; background-color:rgb(255, 255, 255); '><div style=\"text-align: justify; padding-bottom: 10px;\">\r\n<strong>Wdzi\u0119k jest zwodniczy i pi\u0119kno\u015b\u0107 pr\u00f3\u017cna,\r\nlecz kobieta, kt\u00f3ra si\u0119 boi PANA, jest godna pochwa\u0142y.<\/strong>\r\n<div style=\"text-align: right; padding-bottom: 10px;\">Prz 31,30<\/div>\r\n<\/div><\/div>\n<div id='cytaty_slide05' class='sa_hover_container' style='padding:5% 5%; margin:0px 0%; background-color:rgb(255, 255, 255); '><div style=\"text-align: justify; padding-bottom: 10px;\">\r\n<strong>Jeste\u015bmy bowiem jego dzie\u0142em, stworzeni w Chrystusie Jezusie do dobrych uczynk\u00f3w, kt\u00f3re B\u00f3g wcze\u015bniej przygotowa\u0142, aby\u015bmy w nich post\u0119powali.<\/strong>\r\n<div style=\"text-align: right; padding-bottom: 10px;\">Ef 2,10<\/div>\r\n<\/div><\/div>\n<\/div>\n<\/div>\n<script type='text\/javascript'>\n\tjQuery(document).ready(function() {\n\t\tjQuery('#cytaty').owlCarousel({\n\t\t\titems : 1,\n\t\t\tsmartSpeed : 1000,\n\t\t\tautoplay : true,\n\t\t\tautoplayTimeout : 30000,\n\t\t\tautoplayHoverPause : true,\n\t\t\tsmartSpeed : 1000,\n\t\t\tfluidSpeed : 1000,\n\t\t\tautoplaySpeed : 1000,\n\t\t\tnavSpeed : 1000,\n\t\t\tdotsSpeed : 1000,\n\t\t\tloop : true,\n\t\t\tnav : false,\n\t\t\tnavText : ['Previous','Next'],\n\t\t\tdots : false,\n\t\t\tresponsiveRefreshRate : 200,\n\t\t\tslideBy : 1,\n\t\t\tmergeFit : true,\n\t\t\tautoHeight : false,\n\t\t\tmouseDrag : false,\n\t\t\ttouchDrag : false\n\t\t});\n\t\tjQuery('#cytaty').css('visibility', 'visible');\n\t\tsa_resize_cytaty();\n\t\twindow.addEventListener('resize', sa_resize_cytaty);\n\t\tfunction sa_resize_cytaty() {\n\t\t\tvar min_height = '50';\n\t\t\tvar win_width = jQuery(window).width();\n\t\t\tvar slider_width = jQuery('#cytaty').width();\n\t\t\tif (win_width < 480) {\n\t\t\t\tvar slide_width = slider_width \/ 1;\n\t\t\t} else if (win_width < 768) {\n\t\t\t\tvar slide_width = slider_width \/ 1;\n\t\t\t} else if (win_width < 980) {\n\t\t\t\tvar slide_width = slider_width \/ 1;\n\t\t\t} else if (win_width < 1200) {\n\t\t\t\tvar slide_width = slider_width \/ 1;\n\t\t\t} else if (win_width < 1500) {\n\t\t\t\tvar slide_width = slider_width \/ 1;\n\t\t\t} else {\n\t\t\t\tvar slide_width = slider_width \/ 1;\n\t\t\t}\n\t\t\tslide_width = Math.round(slide_width);\n\t\t\tvar slide_height = '0';\n\t\t\tif (min_height == 'aspect43') {\n\t\t\t\tslide_height = (slide_width \/ 4) * 3;\t\t\t\tslide_height = Math.round(slide_height);\n\t\t\t} else if (min_height == 'aspect169') {\n\t\t\t\tslide_height = (slide_width \/ 16) * 9;\t\t\t\tslide_height = Math.round(slide_height);\n\t\t\t} else {\n\t\t\t\tslide_height = (slide_width \/ 100) * min_height;\t\t\t\tslide_height = Math.round(slide_height);\n\t\t\t}\n\t\t\tjQuery('#cytaty .owl-item .sa_hover_container').css('min-height', slide_height+'px');\n\t\t}\n\t\tvar owl_goto = jQuery('#cytaty');\n\t\tjQuery('.cytaty_goto1').click(function(event){\n\t\t\towl_goto.trigger('to.owl.carousel', 0);\n\t\t});\n\t\tjQuery('.cytaty_goto2').click(function(event){\n\t\t\towl_goto.trigger('to.owl.carousel', 1);\n\t\t});\n\t\tjQuery('.cytaty_goto3').click(function(event){\n\t\t\towl_goto.trigger('to.owl.carousel', 2);\n\t\t});\n\t\tjQuery('.cytaty_goto4').click(function(event){\n\t\t\towl_goto.trigger('to.owl.carousel', 3);\n\t\t});\n\t\tjQuery('.cytaty_goto5').click(function(event){\n\t\t\towl_goto.trigger('to.owl.carousel', 4);\n\t\t});\n\t\tjQuery('.cytaty_goto6').click(function(event){\n\t\t\towl_goto.trigger('to.owl.carousel', 5);\n\t\t});\n\t\tjQuery('.cytaty_goto7').click(function(event){\n\t\t\towl_goto.trigger('to.owl.carousel', 6);\n\t\t});\n\t\tjQuery('.cytaty_goto8').click(function(event){\n\t\t\towl_goto.trigger('to.owl.carousel', 7);\n\t\t});\n\t\tjQuery('.cytaty_goto9').click(function(event){\n\t\t\towl_goto.trigger('to.owl.carousel', 8);\n\t\t});\n\t\tjQuery('.cytaty_goto10').click(function(event){\n\t\t\towl_goto.trigger('to.owl.carousel', 9);\n\t\t});\n\t\tvar resize_853 = jQuery('.owl-carousel');\n\t\tresize_853.on('initialized.owl.carousel', function(e) {\n\t\t\tif (typeof(Event) === 'function') {\n\t\t\t\twindow.dispatchEvent(new Event('resize'));\n\t\t\t} else {\n\t\t\t\tvar evt = window.document.createEvent('UIEvents');\n\t\t\t\tevt.initUIEvent('resize', true, false, window, 0);\n\t\t\t\twindow.dispatchEvent(evt);\n\t\t\t}\n\t\t});\n\t});\n<\/script>\n<\/p>\n<p><!--\n\n\n<p style=\"text-align: justify; padding-left: 10px; padding-right: 10px;\">[slide-anything id=\"990\"]<\/p>\n\n\n--><\/p>\n<h2 style=\"text-align: center;\"><strong>Zapraszamy<\/strong><\/h2>\n<p><!--<embed src=\"https:\/\/parafiacelestynow.pl\/wp-content\/uploads\/2024\/01\/Pan_Bog_wszechmogacy.mp3\" width=\"1\" height=\"1\"><\/embed>--><\/p>\n","protected":false},"excerpt":{"rendered":"<p>Szcz\u0119\u015b\u0107 Bo\u017ce! Witajcie na stronie parafii Celestyn\u00f3w nale\u017c\u0105cej do dekanatu Otwock-Kresy diecezji Warszawsko-Praskiej Cichy na co dzie\u0144 Celestyn\u00f3w, le\u017c\u0105cy w urokliwym obszarze Mazowieckiego Parku Krajobrazowego, bez w\u0105tpienia posiada na swoim terenie pere\u0142k\u0119. Jest ni\u0105 wsp\u00f3lnota os\u00f3b wierz\u0105cych z kap\u0142anami: proboszczem ks. Miros\u0142awem Wasiakiem, wikariuszem ks. Piotrem Talarkiem oraz ks. Janem Balickim , kt\u00f3ry pomaga duszpastersko. [&hellip;]<\/p>\n","protected":false},"author":2,"featured_media":0,"parent":0,"menu_order":0,"comment_status":"closed","ping_status":"closed","template":"","meta":{"_expiration-date-status":"","_expiration-date":0,"_expiration-date-type":"","_expiration-date-categories":[],"_expiration-date-options":[],"footnotes":""},"class_list":["post-86","page","type-page","status-publish","hentry"],"_links":{"self":[{"href":"https:\/\/parafiacelestynow.pl\/index.php?rest_route=\/wp\/v2\/pages\/86","targetHints":{"allow":["GET"]}}],"collection":[{"href":"https:\/\/parafiacelestynow.pl\/index.php?rest_route=\/wp\/v2\/pages"}],"about":[{"href":"https:\/\/parafiacelestynow.pl\/index.php?rest_route=\/wp\/v2\/types\/page"}],"author":[{"embeddable":true,"href":"https:\/\/parafiacelestynow.pl\/index.php?rest_route=\/wp\/v2\/users\/2"}],"replies":[{"embeddable":true,"href":"https:\/\/parafiacelestynow.pl\/index.php?rest_route=%2Fwp%2Fv2%2Fcomments&post=86"}],"version-history":[{"count":52,"href":"https:\/\/parafiacelestynow.pl\/index.php?rest_route=\/wp\/v2\/pages\/86\/revisions"}],"predecessor-version":[{"id":2185,"href":"https:\/\/parafiacelestynow.pl\/index.php?rest_route=\/wp\/v2\/pages\/86\/revisions\/2185"}],"wp:attachment":[{"href":"https:\/\/parafiacelestynow.pl\/index.php?rest_route=%2Fwp%2Fv2%2Fmedia&parent=86"}],"curies":[{"name":"wp","href":"https:\/\/api.w.org\/{rel}","templated":true}]}}