{"id":89,"date":"2021-12-03T10:33:38","date_gmt":"2021-12-03T09:33:38","guid":{"rendered":"http:\/\/parafiacelestynow.pl\/www\/?page_id=89"},"modified":"2026-05-01T20:44:32","modified_gmt":"2026-05-01T18:44:32","slug":"i-komunia","status":"publish","type":"page","link":"https:\/\/parafiacelestynow.pl\/?page_id=89","title":{"rendered":"I Komunia"},"content":{"rendered":"<h2 style=\"text-align: center;\">I Komunia \u015awi\u0119ta<\/h2>\n<p><span style=\"color: #000000;\"><strong>Wymagane dokumenty<\/strong><\/span><\/p>\n<ul>\n<li><span style=\"color: #000000;\">Metryka chrztu dziecka<\/span><\/li>\n<li><span style=\"color: #000000;\">Je\u015bli dziecko nie nale\u017cy do naszej parafii nale\u017cy przedstawi\u0107 zgod\u0119 w\u0142asnego proboszcza na przyst\u0105pienie do I Komunii \u015awi\u0119tej<\/span><\/li>\n<\/ul>\n<p><span style=\"color: #000000;\"><strong>Propozycje rekolekcji dla rodzic\u00f3w dzieci pierwszokomunijnych w roku 2025\/2026 w ramach spotka\u0144 przygotowuj\u0105ch do I Komunii \u015bw.<\/strong><\/span><\/p>\n<ul>\n<li style=\"list-style-type: none;\">\n<ul>\n<li>1) Rekolekcje Ewangelizacyjne Odnowy w Duchu \u015awi\u0119tym<br \/>\nMiejsce: Celestyn\u00f3w (ko\u015bci\u00f3\u0142 parafialny)<br \/>\nTerminy: 05.10-30.11.2025 w niedziele o godz. 19.00<\/li>\n<li>2) <a href=\"https:\/\/spotkaniamalzenskie.pl\/terminy-rekolekcji-i-warsztatow-malzenskich\/\">https:\/\/spotkaniamalzenskie.pl\/terminy-rekolekcji-i-warsztatow-malzenskich\/<\/a><br \/>\nRekolekcje dla zwi\u0105zk\u00f3w niesakramentalnych powt\u00f3rnych po rozwodzie<br \/>\nMiejsce: Anielin k\/Otwocka<br \/>\nTermin: 28-30 listopada 2025<\/li>\n<li>3) Buduj na skale \u2013 Kurs Filip dla ma\u0142\u017ce\u0144stw<br \/>\nMiejsce: Zalesie G\u00f3rne<br \/>\nTerminy: 24-26.10.2025 lub 27-29.03.2026<\/li>\n<li>Lub inne: <a href=\"https:\/\/swietarodzina.org\/n1\/index.php\/menu\/kursy-i-rekolekcje\/dla-malzenstw\">https:\/\/swietarodzina.org\/n1\/index.php\/menu\/kursy-i-rekolekcje\/dla-malzenstw<\/a><\/li>\n<\/ul>\n<\/li>\n<\/ul>\n<p><strong>Terminy zwi\u0105zane z I Komuni\u0105 \u015bwi\u0119t\u0105:<\/strong><\/p>\n<table>\n<tbody>\n<tr>\n<th style=\"text-align: center;\"><span style=\"color: #000000;\">Klasa<\/span><\/th>\n<th><span style=\"color: #000000;\">Data Komunii<\/span><\/th>\n<th style=\"text-align: center;\"><span style=\"color: #000000;\">Data odprawy<\/span><\/th>\n<th style=\"text-align: center;\"><span style=\"color: #000000;\">Data spowiedzi<br \/>\ndla dzieci i ich rodziny<\/span><\/th>\n<\/tr>\n<tr>\n<td>klasa 3a<\/td>\n<td><b>9 maj 2026 godz. 11.00<\/b><\/td>\n<td>04.05.2026 g. 19.00<\/p>\n<p>06.05.2026 g. 19.15<\/td>\n<td>08.05.2026 od g. 17.00<\/td>\n<\/tr>\n<tr>\n<td>klasa 3b<\/td>\n<td><b>16 maj 2026 godz. 11.00<\/b><\/td>\n<td>12.05.2026 g. 19.00<\/p>\n<p>13.05.2026 g. 19.15<\/td>\n<td>15.05.2026 od g. 17.00<\/td>\n<\/tr>\n<tr>\n<td>klasa 3c<\/td>\n<td><b>23 maj 2026 godz. 11.00<\/b><\/td>\n<td>18.05.2026 g. 19.00<\/p>\n<p>20.05.2025 g. 19.15<\/td>\n<td>22.05.2026 od g. 17.00<\/td>\n<\/tr>\n<\/tbody>\n<\/table>\n<p><span style=\"color: #000000;\"><strong>Rocznica I Komunii \u015bwi\u0119tej w sobot\u0119 po pierwszym pi\u0105tku miesi\u0105ca czerwca: 6 czerwiec 2026 godz. 11.00<\/strong><\/span><\/p>\n<p><strong>Odprawa przed Rocznic\u0105 I Komunii \u015bwi\u0119tej: 3 czerwiec 2026 godz. 19.00, zbi\u00f3rka przed ko\u015bcio\u0142em <\/strong><\/p>\n<p><strong>Spowied\u017a przed\u00a0 Rocznic\u0105 I Komunii \u015bwi\u0119tej: I pi\u0105tek m-ca czerwca, tj. 5 czerwiec 2026, na wszystkich mszach \u015bwi\u0119tych<\/strong><\/p>\n","protected":false},"excerpt":{"rendered":"<p>I Komunia \u015awi\u0119ta Wymagane dokumenty Metryka chrztu dziecka Je\u015bli dziecko nie nale\u017cy do naszej parafii nale\u017cy przedstawi\u0107 zgod\u0119 w\u0142asnego proboszcza na przyst\u0105pienie do I Komunii \u015awi\u0119tej Propozycje rekolekcji dla rodzic\u00f3w dzieci pierwszokomunijnych w roku 2025\/2026 w ramach spotka\u0144 przygotowuj\u0105ch do I Komunii \u015bw. 1) Rekolekcje Ewangelizacyjne Odnowy w Duchu \u015awi\u0119tym Miejsce: Celestyn\u00f3w (ko\u015bci\u00f3\u0142 parafialny) Terminy: [&hellip;]<\/p>\n","protected":false},"author":2,"featured_media":0,"parent":0,"menu_order":0,"comment_status":"closed","ping_status":"closed","template":"","meta":{"_expiration-date-status":"","_expiration-date":0,"_expiration-date-type":"","_expiration-date-categories":[],"_expiration-date-options":[],"footnotes":""},"class_list":["post-89","page","type-page","status-publish","hentry"],"_links":{"self":[{"href":"https:\/\/parafiacelestynow.pl\/index.php?rest_route=\/wp\/v2\/pages\/89","targetHints":{"allow":["GET"]}}],"collection":[{"href":"https:\/\/parafiacelestynow.pl\/index.php?rest_route=\/wp\/v2\/pages"}],"about":[{"href":"https:\/\/parafiacelestynow.pl\/index.php?rest_route=\/wp\/v2\/types\/page"}],"author":[{"embeddable":true,"href":"https:\/\/parafiacelestynow.pl\/index.php?rest_route=\/wp\/v2\/users\/2"}],"replies":[{"embeddable":true,"href":"https:\/\/parafiacelestynow.pl\/index.php?rest_route=%2Fwp%2Fv2%2Fcomments&post=89"}],"version-history":[{"count":62,"href":"https:\/\/parafiacelestynow.pl\/index.php?rest_route=\/wp\/v2\/pages\/89\/revisions"}],"predecessor-version":[{"id":2371,"href":"https:\/\/parafiacelestynow.pl\/index.php?rest_route=\/wp\/v2\/pages\/89\/revisions\/2371"}],"wp:attachment":[{"href":"https:\/\/parafiacelestynow.pl\/index.php?rest_route=%2Fwp%2Fv2%2Fmedia&parent=89"}],"curies":[{"name":"wp","href":"https:\/\/api.w.org\/{rel}","templated":true}]}}